{"id":1958,"date":"2021-01-12T11:26:26","date_gmt":"2021-01-12T11:26:26","guid":{"rendered":"https:\/\/www.color-wellness.com\/?page_id=1958"},"modified":"2021-01-18T12:08:53","modified_gmt":"2021-01-18T12:08:53","slug":"strategie-produit","status":"publish","type":"page","link":"https:\/\/www.color-wellness.com\/fr\/strategie-produit\/","title":{"rendered":"Strat\u00e9gie produit"},"content":{"rendered":"\t\t<div data-elementor-type=\"wp-page\" data-elementor-id=\"1958\" class=\"elementor elementor-1958\" data-elementor-post-type=\"page\">\n\t\t\t\t\t\t<section class=\"elementor-section elementor-top-section elementor-element elementor-element-719c025 elementor-section-height-min-height bandeau-haut elementor-section-boxed elementor-section-height-default elementor-section-items-middle\" data-id=\"719c025\" data-element_type=\"section\" data-settings=\"{&quot;background_background&quot;:&quot;classic&quot;}\">\n\t\t\t\t\t\t\t<div class=\"elementor-background-overlay\"><\/div>\n\t\t\t\t\t\t\t<div class=\"elementor-container elementor-column-gap-default\">\n\t\t\t\t\t<div class=\"elementor-column elementor-col-50 elementor-top-column elementor-element elementor-element-5a4235e\" data-id=\"5a4235e\" data-element_type=\"column\">\n\t\t\t<div class=\"elementor-widget-wrap\">\n\t\t\t\t\t\t\t<\/div>\n\t\t<\/div>\n\t\t\t\t<div class=\"elementor-column elementor-col-50 elementor-top-column elementor-element elementor-element-0058e30\" data-id=\"0058e30\" data-element_type=\"column\">\n\t\t\t<div class=\"elementor-widget-wrap elementor-element-populated\">\n\t\t\t\t\t\t<div class=\"elementor-element elementor-element-7b3545d elementor-invisible elementor-widget elementor-widget-heading\" data-id=\"7b3545d\" data-element_type=\"widget\" data-settings=\"{&quot;_animation&quot;:&quot;fadeInRight&quot;}\" data-widget_type=\"heading.default\">\n\t\t\t\t<div class=\"elementor-widget-container\">\n\t\t\t<h2 class=\"elementor-heading-title elementor-size-default\">Vos produits m\u00e9ritent les bonnes couleurs<\/h2>\t\t<\/div>\n\t\t\t\t<\/div>\n\t\t\t\t<div class=\"elementor-element elementor-element-efe2796 elementor-invisible elementor-widget elementor-widget-text-editor\" data-id=\"efe2796\" data-element_type=\"widget\" data-settings=\"{&quot;_animation&quot;:&quot;fadeInRight&quot;,&quot;_animation_delay&quot;:600}\" data-widget_type=\"text-editor.default\">\n\t\t\t\t<div class=\"elementor-widget-container\">\n\t\t\t\t\t\t\t<p>Savez-vous quelle est l&rsquo;une des m\u00e9thodes utilis\u00e9es pour influencer les ventes ?<\/p>\t\t\t\t\t\t<\/div>\n\t\t\t\t<\/div>\n\t\t\t\t<div class=\"elementor-element elementor-element-b79e26b elementor-invisible elementor-widget elementor-widget-text-editor\" data-id=\"b79e26b\" data-element_type=\"widget\" data-settings=\"{&quot;_animation&quot;:&quot;fadeInRight&quot;,&quot;_animation_delay&quot;:600}\" data-widget_type=\"text-editor.default\">\n\t\t\t\t<div class=\"elementor-widget-container\">\n\t\t\t\t\t\t\t<p><strong>C&rsquo;est l&rsquo;expertise de la couleur !<\/strong><\/p>\t\t\t\t\t\t<\/div>\n\t\t\t\t<\/div>\n\t\t\t\t<div class=\"elementor-element elementor-element-617bc0b elementor-align-right elementor-mobile-align-right elementor-invisible elementor-widget elementor-widget-button\" data-id=\"617bc0b\" data-element_type=\"widget\" data-settings=\"{&quot;_animation&quot;:&quot;fadeInRight&quot;,&quot;_animation_delay&quot;:1200}\" data-widget_type=\"button.default\">\n\t\t\t\t<div class=\"elementor-widget-container\">\n\t\t\t\t\t<div class=\"elementor-button-wrapper\">\n\t\t\t<a class=\"elementor-button elementor-button-link elementor-size-sm\" href=\"#infos\">\n\t\t\t\t\t\t<span class=\"elementor-button-content-wrapper\">\n\t\t\t\t\t\t\t\t\t<span class=\"elementor-button-text\">Plus d'infos<\/span>\n\t\t\t\t\t<\/span>\n\t\t\t\t\t<\/a>\n\t\t<\/div>\n\t\t\t\t<\/div>\n\t\t\t\t<\/div>\n\t\t\t\t\t<\/div>\n\t\t<\/div>\n\t\t\t\t\t<\/div>\n\t\t<\/section>\n\t\t\t\t<section class=\"elementor-section elementor-top-section elementor-element elementor-element-c6fa515 elementor-section-boxed elementor-section-height-default elementor-section-height-default\" data-id=\"c6fa515\" data-element_type=\"section\" data-settings=\"{&quot;background_background&quot;:&quot;classic&quot;}\">\n\t\t\t\t\t\t<div class=\"elementor-container elementor-column-gap-default\">\n\t\t\t\t\t<div class=\"elementor-column elementor-col-50 elementor-top-column elementor-element elementor-element-38496ce\" data-id=\"38496ce\" data-element_type=\"column\">\n\t\t\t<div class=\"elementor-widget-wrap elementor-element-populated\">\n\t\t\t\t\t\t<div class=\"elementor-element elementor-element-427fd6a elementor-widget elementor-widget-image\" data-id=\"427fd6a\" data-element_type=\"widget\" data-widget_type=\"image.default\">\n\t\t\t\t<div class=\"elementor-widget-container\">\n\t\t\t\t\t\t\t\t\t\t\t\t\t<img fetchpriority=\"high\" decoding=\"async\" width=\"1000\" height=\"750\" src=\"https:\/\/www.color-wellness.com\/wp-content\/uploads\/2020\/10\/color-wellness-beatrice-mange-golfank.jpg\" class=\"attachment-full size-full wp-image-1569\" alt=\"\" srcset=\"https:\/\/www.color-wellness.com\/wp-content\/uploads\/2020\/10\/color-wellness-beatrice-mange-golfank.jpg 1000w, https:\/\/www.color-wellness.com\/wp-content\/uploads\/2020\/10\/color-wellness-beatrice-mange-golfank-300x225.jpg 300w, https:\/\/www.color-wellness.com\/wp-content\/uploads\/2020\/10\/color-wellness-beatrice-mange-golfank-768x576.jpg 768w\" sizes=\"(max-width: 1000px) 100vw, 1000px\" \/>\t\t\t\t\t\t\t\t\t\t\t\t\t<\/div>\n\t\t\t\t<\/div>\n\t\t\t\t\t<\/div>\n\t\t<\/div>\n\t\t\t\t<div class=\"elementor-column elementor-col-50 elementor-top-column elementor-element elementor-element-9393590\" data-id=\"9393590\" data-element_type=\"column\">\n\t\t\t<div class=\"elementor-widget-wrap elementor-element-populated\">\n\t\t\t\t\t\t<div class=\"elementor-element elementor-element-4fb22b8 elementor-widget elementor-widget-menu-anchor\" data-id=\"4fb22b8\" data-element_type=\"widget\" data-widget_type=\"menu-anchor.default\">\n\t\t\t\t<div class=\"elementor-widget-container\">\n\t\t\t\t\t<div class=\"elementor-menu-anchor\" id=\"infos\"><\/div>\n\t\t\t\t<\/div>\n\t\t\t\t<\/div>\n\t\t\t\t<div class=\"elementor-element elementor-element-a535baa elementor-widget elementor-widget-heading\" data-id=\"a535baa\" data-element_type=\"widget\" data-widget_type=\"heading.default\">\n\t\t\t\t<div class=\"elementor-widget-container\">\n\t\t\t<h2 class=\"elementor-heading-title elementor-size-default\">La couleur, vecteur des ventes :<\/h2>\t\t<\/div>\n\t\t\t\t<\/div>\n\t\t\t\t<div class=\"elementor-element elementor-element-0d5596a elementor-widget elementor-widget-text-editor\" data-id=\"0d5596a\" data-element_type=\"widget\" data-widget_type=\"text-editor.default\">\n\t\t\t\t<div class=\"elementor-widget-container\">\n\t\t\t\t\t\t\t<p><strong>Nous accompagnons les industriels<\/strong> lors de la conception de leurs <strong>nouveaux produits<\/strong> gr\u00e2ce \u00e0 une strat\u00e9gie et un processus bien d\u00e9finis.<\/p><p>Nous \u00e9tudions l&rsquo;influence de la couleur<strong>\u00a0sur le comportement ou la psychologie<\/strong>.<\/p><p>Cela permet\u00a0de mieux appr\u00e9hender les <strong>besoins et r\u00e9actions de l\u2019utilisateur.\u00a0<\/strong><\/p><p>Le but est de cr\u00e9er un\u00a0<strong>lien \u00e9motionnel\u00a0<\/strong>entre la marque, le produit, et le Client.\u00a0<\/p><p>Notre approche a pour but de <strong>developper les ventes<\/strong>.\u00a0<\/p>\t\t\t\t\t\t<\/div>\n\t\t\t\t<\/div>\n\t\t\t\t<div class=\"elementor-element elementor-element-2f27c4f elementor-align-left elementor-mobile-align-left elementor-invisible elementor-widget elementor-widget-button\" data-id=\"2f27c4f\" data-element_type=\"widget\" data-settings=\"{&quot;_animation&quot;:&quot;fadeInRight&quot;,&quot;_animation_delay&quot;:1200}\" data-widget_type=\"button.default\">\n\t\t\t\t<div class=\"elementor-widget-container\">\n\t\t\t\t\t<div class=\"elementor-button-wrapper\">\n\t\t\t<a class=\"elementor-button elementor-button-link elementor-size-sm\" href=\"https:\/\/www.color-wellness.com\/fr\/contact\/\">\n\t\t\t\t\t\t<span class=\"elementor-button-content-wrapper\">\n\t\t\t\t\t\t\t\t\t<span class=\"elementor-button-text\">Contact<\/span>\n\t\t\t\t\t<\/span>\n\t\t\t\t\t<\/a>\n\t\t<\/div>\n\t\t\t\t<\/div>\n\t\t\t\t<\/div>\n\t\t\t\t\t<\/div>\n\t\t<\/div>\n\t\t\t\t\t<\/div>\n\t\t<\/section>\n\t\t\t\t<\/div>\n\t\t","protected":false},"excerpt":{"rendered":"<p>Vos produits m\u00e9ritent les bonnes couleurs Savez-vous quelle est l&rsquo;une des m\u00e9thodes utilis\u00e9es pour influencer les ventes ? C&rsquo;est l&rsquo;expertise de la couleur ! Plus d&rsquo;infos La couleur, vecteur des ventes : Nous accompagnons les industriels lors de la conception de leurs nouveaux produits gr\u00e2ce \u00e0 une strat\u00e9gie et un processus bien d\u00e9finis. Nous \u00e9tudions [&hellip;]<\/p>\n","protected":false},"author":1,"featured_media":0,"parent":0,"menu_order":0,"comment_status":"closed","ping_status":"closed","template":"elementor_header_footer","meta":{"site-sidebar-layout":"default","site-content-layout":"","ast-site-content-layout":"","site-content-style":"default","site-sidebar-style":"default","ast-global-header-display":"","ast-banner-title-visibility":"","ast-main-header-display":"","ast-hfb-above-header-display":"","ast-hfb-below-header-display":"","ast-hfb-mobile-header-display":"","site-post-title":"","ast-breadcrumbs-content":"","ast-featured-img":"","footer-sml-layout":"","theme-transparent-header-meta":"","adv-header-id-meta":"","stick-header-meta":"","header-above-stick-meta":"","header-main-stick-meta":"","header-below-stick-meta":"","astra-migrate-meta-layouts":"default","ast-page-background-enabled":"default","ast-page-background-meta":{"desktop":{"background-color":"","background-image":"","background-repeat":"repeat","background-position":"center center","background-size":"auto","background-attachment":"scroll","background-type":"","background-media":"","overlay-type":"","overlay-color":"","overlay-opacity":"","overlay-gradient":""},"tablet":{"background-color":"","background-image":"","background-repeat":"repeat","background-position":"center center","background-size":"auto","background-attachment":"scroll","background-type":"","background-media":"","overlay-type":"","overlay-color":"","overlay-opacity":"","overlay-gradient":""},"mobile":{"background-color":"","background-image":"","background-repeat":"repeat","background-position":"center center","background-size":"auto","background-attachment":"scroll","background-type":"","background-media":"","overlay-type":"","overlay-color":"","overlay-opacity":"","overlay-gradient":""}},"ast-content-background-meta":{"desktop":{"background-color":"var(--ast-global-color-5)","background-image":"","background-repeat":"repeat","background-position":"center center","background-size":"auto","background-attachment":"scroll","background-type":"","background-media":"","overlay-type":"","overlay-color":"","overlay-opacity":"","overlay-gradient":""},"tablet":{"background-color":"var(--ast-global-color-5)","background-image":"","background-repeat":"repeat","background-position":"center center","background-size":"auto","background-attachment":"scroll","background-type":"","background-media":"","overlay-type":"","overlay-color":"","overlay-opacity":"","overlay-gradient":""},"mobile":{"background-color":"var(--ast-global-color-5)","background-image":"","background-repeat":"repeat","background-position":"center center","background-size":"auto","background-attachment":"scroll","background-type":"","background-media":"","overlay-type":"","overlay-color":"","overlay-opacity":"","overlay-gradient":""}},"footnotes":""},"class_list":["post-1958","page","type-page","status-publish","hentry"],"yoast_head":"<!-- This site is optimized with the Yoast SEO plugin v20.6 - https:\/\/yoast.com\/wordpress\/plugins\/seo\/ -->\n<title>Strat\u00e9gie produit - Color Wellness - B\u00e9atrice Mange<\/title>\n<meta name=\"robots\" content=\"index, follow, max-snippet:-1, max-image-preview:large, max-video-preview:-1\" \/>\n<link rel=\"canonical\" href=\"https:\/\/www.color-wellness.com\/fr\/strategie-produit\/\" \/>\n<meta property=\"og:locale\" content=\"fr_FR\" \/>\n<meta property=\"og:type\" content=\"article\" \/>\n<meta property=\"og:title\" content=\"Strat\u00e9gie produit - Color Wellness - B\u00e9atrice Mange\" \/>\n<meta property=\"og:description\" content=\"Vos produits m\u00e9ritent les bonnes couleurs Savez-vous quelle est l&rsquo;une des m\u00e9thodes utilis\u00e9es pour influencer les ventes ? C&rsquo;est l&rsquo;expertise de la couleur ! Plus d&rsquo;infos La couleur, vecteur des ventes : Nous accompagnons les industriels lors de la conception de leurs nouveaux produits gr\u00e2ce \u00e0 une strat\u00e9gie et un processus bien d\u00e9finis. Nous \u00e9tudions [&hellip;]\" \/>\n<meta property=\"og:url\" content=\"https:\/\/www.color-wellness.com\/fr\/strategie-produit\/\" \/>\n<meta property=\"og:site_name\" content=\"Color Wellness - B\u00e9atrice Mange\" \/>\n<meta property=\"article:modified_time\" content=\"2021-01-18T12:08:53+00:00\" \/>\n<meta property=\"og:image\" content=\"https:\/\/www.color-wellness.com\/wp-content\/uploads\/2020\/10\/color-wellness-beatrice-mange-golfank.jpg\" \/>\n<meta name=\"twitter:card\" content=\"summary_large_image\" \/>\n<meta name=\"twitter:label1\" content=\"Dur\u00e9e de lecture estim\u00e9e\" \/>\n\t<meta name=\"twitter:data1\" content=\"1 minute\" \/>\n<script type=\"application\/ld+json\" class=\"yoast-schema-graph\">{\"@context\":\"https:\/\/schema.org\",\"@graph\":[{\"@type\":\"WebPage\",\"@id\":\"https:\/\/www.color-wellness.com\/fr\/strategie-produit\/\",\"url\":\"https:\/\/www.color-wellness.com\/fr\/strategie-produit\/\",\"name\":\"Strat\u00e9gie produit - Color Wellness - B\u00e9atrice Mange\",\"isPartOf\":{\"@id\":\"https:\/\/www.color-wellness.com\/fr\/#website\"},\"datePublished\":\"2021-01-12T11:26:26+00:00\",\"dateModified\":\"2021-01-18T12:08:53+00:00\",\"breadcrumb\":{\"@id\":\"https:\/\/www.color-wellness.com\/fr\/strategie-produit\/#breadcrumb\"},\"inLanguage\":\"fr-FR\",\"potentialAction\":[{\"@type\":\"ReadAction\",\"target\":[\"https:\/\/www.color-wellness.com\/fr\/strategie-produit\/\"]}]},{\"@type\":\"BreadcrumbList\",\"@id\":\"https:\/\/www.color-wellness.com\/fr\/strategie-produit\/#breadcrumb\",\"itemListElement\":[{\"@type\":\"ListItem\",\"position\":1,\"name\":\"Home\",\"item\":\"https:\/\/www.color-wellness.com\/fr\/\"},{\"@type\":\"ListItem\",\"position\":2,\"name\":\"Strat\u00e9gie produit\"}]},{\"@type\":\"WebSite\",\"@id\":\"https:\/\/www.color-wellness.com\/fr\/#website\",\"url\":\"https:\/\/www.color-wellness.com\/fr\/\",\"name\":\"Color Wellness - B\u00e9atrice Mange\",\"description\":\"Just another WordPress site\",\"potentialAction\":[{\"@type\":\"SearchAction\",\"target\":{\"@type\":\"EntryPoint\",\"urlTemplate\":\"https:\/\/www.color-wellness.com\/fr\/?s={search_term_string}\"},\"query-input\":\"required name=search_term_string\"}],\"inLanguage\":\"fr-FR\"}]}<\/script>\n<!-- \/ Yoast SEO plugin. -->","yoast_head_json":{"title":"Strat\u00e9gie produit - Color Wellness - B\u00e9atrice Mange","robots":{"index":"index","follow":"follow","max-snippet":"max-snippet:-1","max-image-preview":"max-image-preview:large","max-video-preview":"max-video-preview:-1"},"canonical":"https:\/\/www.color-wellness.com\/fr\/strategie-produit\/","og_locale":"fr_FR","og_type":"article","og_title":"Strat\u00e9gie produit - Color Wellness - B\u00e9atrice Mange","og_description":"Vos produits m\u00e9ritent les bonnes couleurs Savez-vous quelle est l&rsquo;une des m\u00e9thodes utilis\u00e9es pour influencer les ventes ? C&rsquo;est l&rsquo;expertise de la couleur ! Plus d&rsquo;infos La couleur, vecteur des ventes : Nous accompagnons les industriels lors de la conception de leurs nouveaux produits gr\u00e2ce \u00e0 une strat\u00e9gie et un processus bien d\u00e9finis. Nous \u00e9tudions [&hellip;]","og_url":"https:\/\/www.color-wellness.com\/fr\/strategie-produit\/","og_site_name":"Color Wellness - B\u00e9atrice Mange","article_modified_time":"2021-01-18T12:08:53+00:00","og_image":[{"url":"https:\/\/www.color-wellness.com\/wp-content\/uploads\/2020\/10\/color-wellness-beatrice-mange-golfank.jpg"}],"twitter_card":"summary_large_image","twitter_misc":{"Dur\u00e9e de lecture estim\u00e9e":"1 minute"},"schema":{"@context":"https:\/\/schema.org","@graph":[{"@type":"WebPage","@id":"https:\/\/www.color-wellness.com\/fr\/strategie-produit\/","url":"https:\/\/www.color-wellness.com\/fr\/strategie-produit\/","name":"Strat\u00e9gie produit - Color Wellness - B\u00e9atrice Mange","isPartOf":{"@id":"https:\/\/www.color-wellness.com\/fr\/#website"},"datePublished":"2021-01-12T11:26:26+00:00","dateModified":"2021-01-18T12:08:53+00:00","breadcrumb":{"@id":"https:\/\/www.color-wellness.com\/fr\/strategie-produit\/#breadcrumb"},"inLanguage":"fr-FR","potentialAction":[{"@type":"ReadAction","target":["https:\/\/www.color-wellness.com\/fr\/strategie-produit\/"]}]},{"@type":"BreadcrumbList","@id":"https:\/\/www.color-wellness.com\/fr\/strategie-produit\/#breadcrumb","itemListElement":[{"@type":"ListItem","position":1,"name":"Home","item":"https:\/\/www.color-wellness.com\/fr\/"},{"@type":"ListItem","position":2,"name":"Strat\u00e9gie produit"}]},{"@type":"WebSite","@id":"https:\/\/www.color-wellness.com\/fr\/#website","url":"https:\/\/www.color-wellness.com\/fr\/","name":"Color Wellness - B\u00e9atrice Mange","description":"Just another WordPress site","potentialAction":[{"@type":"SearchAction","target":{"@type":"EntryPoint","urlTemplate":"https:\/\/www.color-wellness.com\/fr\/?s={search_term_string}"},"query-input":"required name=search_term_string"}],"inLanguage":"fr-FR"}]}},"_links":{"self":[{"href":"https:\/\/www.color-wellness.com\/fr\/wp-json\/wp\/v2\/pages\/1958"}],"collection":[{"href":"https:\/\/www.color-wellness.com\/fr\/wp-json\/wp\/v2\/pages"}],"about":[{"href":"https:\/\/www.color-wellness.com\/fr\/wp-json\/wp\/v2\/types\/page"}],"author":[{"embeddable":true,"href":"https:\/\/www.color-wellness.com\/fr\/wp-json\/wp\/v2\/users\/1"}],"replies":[{"embeddable":true,"href":"https:\/\/www.color-wellness.com\/fr\/wp-json\/wp\/v2\/comments?post=1958"}],"version-history":[{"count":31,"href":"https:\/\/www.color-wellness.com\/fr\/wp-json\/wp\/v2\/pages\/1958\/revisions"}],"predecessor-version":[{"id":2235,"href":"https:\/\/www.color-wellness.com\/fr\/wp-json\/wp\/v2\/pages\/1958\/revisions\/2235"}],"wp:attachment":[{"href":"https:\/\/www.color-wellness.com\/fr\/wp-json\/wp\/v2\/media?parent=1958"}],"curies":[{"name":"wp","href":"https:\/\/api.w.org\/{rel}","templated":true}]}}