{"id":2186,"date":"2021-01-18T11:48:53","date_gmt":"2021-01-18T11:48:53","guid":{"rendered":"https:\/\/www.color-wellness.com\/?page_id=2186"},"modified":"2021-01-18T11:49:56","modified_gmt":"2021-01-18T11:49:56","slug":"domaines-dintervention","status":"publish","type":"page","link":"https:\/\/www.color-wellness.com\/fr\/domaines-dintervention\/","title":{"rendered":"Domaines d&rsquo;intervention"},"content":{"rendered":"\t\t<div data-elementor-type=\"wp-page\" data-elementor-id=\"2186\" class=\"elementor elementor-2186\" data-elementor-post-type=\"page\">\n\t\t\t\t\t\t<section class=\"elementor-section elementor-top-section elementor-element elementor-element-2a88a43 elementor-section-boxed elementor-section-height-default elementor-section-height-default\" data-id=\"2a88a43\" data-element_type=\"section\" data-settings=\"{&quot;background_background&quot;:&quot;classic&quot;}\">\n\t\t\t\t\t\t<div class=\"elementor-container elementor-column-gap-default\">\n\t\t\t\t\t<div class=\"elementor-column elementor-col-100 elementor-top-column elementor-element elementor-element-1bb0dc0\" data-id=\"1bb0dc0\" data-element_type=\"column\">\n\t\t\t<div class=\"elementor-widget-wrap elementor-element-populated\">\n\t\t\t\t\t\t<div class=\"elementor-element elementor-element-d7dcad0 elementor-widget elementor-widget-heading\" data-id=\"d7dcad0\" data-element_type=\"widget\" data-widget_type=\"heading.default\">\n\t\t\t\t<div class=\"elementor-widget-container\">\n\t\t\t<h2 class=\"elementor-heading-title elementor-size-default\">Votre partenaire couleur :<\/h2>\t\t<\/div>\n\t\t\t\t<\/div>\n\t\t\t\t<section class=\"elementor-section elementor-inner-section elementor-element elementor-element-0ddcc56 elementor-section-boxed elementor-section-height-default elementor-section-height-default\" data-id=\"0ddcc56\" data-element_type=\"section\">\n\t\t\t\t\t\t<div class=\"elementor-container elementor-column-gap-default\">\n\t\t\t\t\t<div class=\"elementor-column elementor-col-33 elementor-inner-column elementor-element elementor-element-200f46f\" data-id=\"200f46f\" data-element_type=\"column\">\n\t\t\t<div class=\"elementor-widget-wrap elementor-element-populated\">\n\t\t\t\t\t\t<div class=\"elementor-element elementor-element-c66ec97 elementor-cta--skin-classic elementor-animated-content elementor-bg-transform elementor-bg-transform-zoom-in elementor-widget elementor-widget-call-to-action\" data-id=\"c66ec97\" data-element_type=\"widget\" data-widget_type=\"call-to-action.default\">\n\t\t\t\t<div class=\"elementor-widget-container\">\n\t\t\t\t\t<div class=\"elementor-cta\">\n\t\t\t\t\t<div class=\"elementor-cta__bg-wrapper\">\n\t\t\t\t<div class=\"elementor-cta__bg elementor-bg\" style=\"background-image: url(https:\/\/www.color-wellness.com\/wp-content\/uploads\/2019\/10\/creche-butzen-spaas-color-wellness-design.jpg);\" role=\"img\" aria-label=\"creche-butzen-spaas-color-wellness-design\"><\/div>\n\t\t\t\t<div class=\"elementor-cta__bg-overlay\"><\/div>\n\t\t\t<\/div>\n\t\t\t\t\t\t\t<div class=\"elementor-cta__content\">\n\t\t\t\t\n\t\t\t\t\t\t\t\t\t<h2 class=\"elementor-cta__title elementor-cta__content-item elementor-content-item\">\n\t\t\t\t\t\tEspaces de vie<\/br><\/br>\t\t\t\t\t<\/h2>\n\t\t\t\t\n\t\t\t\t\t\t\t\t\t<div class=\"elementor-cta__description elementor-cta__content-item elementor-content-item\">\n\t\t\t\t\t\tNous d\u00e9finissons avec vous les couleurs et les mat\u00e9riaux dans tous les espaces de vie (habitat, sant\u00e9, bureau, \u00e9ducation,  etc)\t\t\t\t\t<\/div>\n\t\t\t\t\n\t\t\t\t\t\t\t\t\t<div class=\"elementor-cta__button-wrapper elementor-cta__content-item elementor-content-item \">\n\t\t\t\t\t<a class=\"elementor-cta__button elementor-button elementor-size-\" href=\"https:\/\/www.color-wellness.com\/fr\/espaces-devis\/\">\n\t\t\t\t\t\tPlus d'infos\t\t\t\t\t<\/a>\n\t\t\t\t\t<\/div>\n\t\t\t\t\t\t\t<\/div>\n\t\t\t\t\t\t<\/div>\n\t\t\t\t<\/div>\n\t\t\t\t<\/div>\n\t\t\t\t\t<\/div>\n\t\t<\/div>\n\t\t\t\t<div class=\"elementor-column elementor-col-33 elementor-inner-column elementor-element elementor-element-7834c94\" data-id=\"7834c94\" data-element_type=\"column\">\n\t\t\t<div class=\"elementor-widget-wrap elementor-element-populated\">\n\t\t\t\t\t\t<div class=\"elementor-element elementor-element-6069e8c elementor-cta--skin-classic elementor-animated-content elementor-bg-transform elementor-bg-transform-zoom-in elementor-widget elementor-widget-call-to-action\" data-id=\"6069e8c\" data-element_type=\"widget\" data-widget_type=\"call-to-action.default\">\n\t\t\t\t<div class=\"elementor-widget-container\">\n\t\t\t\t\t<div class=\"elementor-cta\">\n\t\t\t\t\t<div class=\"elementor-cta__bg-wrapper\">\n\t\t\t\t<div class=\"elementor-cta__bg elementor-bg\" style=\"background-image: url(https:\/\/www.color-wellness.com\/wp-content\/uploads\/2020\/10\/color-wellness-beatrice-mange-golfank.jpg);\" role=\"img\" aria-label=\"color-wellness-beatrice-mange-golfank\"><\/div>\n\t\t\t\t<div class=\"elementor-cta__bg-overlay\"><\/div>\n\t\t\t<\/div>\n\t\t\t\t\t\t\t<div class=\"elementor-cta__content\">\n\t\t\t\t\n\t\t\t\t\t\t\t\t\t<h2 class=\"elementor-cta__title elementor-cta__content-item elementor-content-item\">\n\t\t\t\t\t\tStrat\u00e9gie produit<\/br><\/br>\t\t\t\t\t<\/h2>\n\t\t\t\t\n\t\t\t\t\t\t\t\t\t<div class=\"elementor-cta__description elementor-cta__content-item elementor-content-item\">\n\t\t\t\t\t\tNous cr\u00e9ons les gammes de couleurs pour vos produits, en fonction des attentes de vos clients, et nous formons vos \u00e9quipes de vente\t\t\t\t\t<\/div>\n\t\t\t\t\n\t\t\t\t\t\t\t\t\t<div class=\"elementor-cta__button-wrapper elementor-cta__content-item elementor-content-item \">\n\t\t\t\t\t<a class=\"elementor-cta__button elementor-button elementor-size-\" href=\"https:\/\/www.color-wellness.com\/fr\/strategie-produit\/\">\n\t\t\t\t\t\tPlus d'infos\t\t\t\t\t<\/a>\n\t\t\t\t\t<\/div>\n\t\t\t\t\t\t\t<\/div>\n\t\t\t\t\t\t<\/div>\n\t\t\t\t<\/div>\n\t\t\t\t<\/div>\n\t\t\t\t\t<\/div>\n\t\t<\/div>\n\t\t\t\t<div class=\"elementor-column elementor-col-33 elementor-inner-column elementor-element elementor-element-a48b7ca\" data-id=\"a48b7ca\" data-element_type=\"column\">\n\t\t\t<div class=\"elementor-widget-wrap elementor-element-populated\">\n\t\t\t\t\t\t<div class=\"elementor-element elementor-element-4f392ff elementor-cta--skin-classic elementor-animated-content elementor-bg-transform elementor-bg-transform-zoom-in elementor-widget elementor-widget-call-to-action\" data-id=\"4f392ff\" data-element_type=\"widget\" data-widget_type=\"call-to-action.default\">\n\t\t\t\t<div class=\"elementor-widget-container\">\n\t\t\t\t\t<div class=\"elementor-cta\">\n\t\t\t\t\t<div class=\"elementor-cta__bg-wrapper\">\n\t\t\t\t<div class=\"elementor-cta__bg elementor-bg\" style=\"background-image: url(https:\/\/www.color-wellness.com\/wp-content\/uploads\/2020\/12\/comparer-1024x683.jpg);\" role=\"img\" aria-label=\"comparer\"><\/div>\n\t\t\t\t<div class=\"elementor-cta__bg-overlay\"><\/div>\n\t\t\t<\/div>\n\t\t\t\t\t\t\t<div class=\"elementor-cta__content\">\n\t\t\t\t\n\t\t\t\t\t\t\t\t\t<h2 class=\"elementor-cta__title elementor-cta__content-item elementor-content-item\">\n\t\t\t\t\t\tConseil en image<br><br>\t\t\t\t\t<\/h2>\n\t\t\t\t\n\t\t\t\t\t\t\t\t\t<div class=\"elementor-cta__description elementor-cta__content-item elementor-content-item\">\n\t\t\t\t\t\tNous vous proposons une s\u00e9ance de coaching vestimentaire \"style et couleurs\". Gagnez en bien-\u00eatre et affirmez votre personnalit\u00e9 !\t\t\t\t\t<\/div>\n\t\t\t\t\n\t\t\t\t\t\t\t\t\t<div class=\"elementor-cta__button-wrapper elementor-cta__content-item elementor-content-item \">\n\t\t\t\t\t<a class=\"elementor-cta__button elementor-button elementor-size-\" href=\"https:\/\/www.color-wellness.com\/fr\/conseil-en-image-personnelle\/\">\n\t\t\t\t\t\tPlus d'infos\t\t\t\t\t<\/a>\n\t\t\t\t\t<\/div>\n\t\t\t\t\t\t\t<\/div>\n\t\t\t\t\t\t<\/div>\n\t\t\t\t<\/div>\n\t\t\t\t<\/div>\n\t\t\t\t\t<\/div>\n\t\t<\/div>\n\t\t\t\t\t<\/div>\n\t\t<\/section>\n\t\t\t\t\t<\/div>\n\t\t<\/div>\n\t\t\t\t\t<\/div>\n\t\t<\/section>\n\t\t\t\t<\/div>\n\t\t","protected":false},"excerpt":{"rendered":"<p>Votre partenaire couleur : Espaces de vie Nous d\u00e9finissons avec vous les couleurs et les mat\u00e9riaux dans tous les espaces de vie (habitat, sant\u00e9, bureau, \u00e9ducation, etc) Plus d&rsquo;infos Strat\u00e9gie produit Nous cr\u00e9ons les gammes de couleurs pour vos produits, en fonction des attentes de vos clients, et nous formons vos \u00e9quipes de vente Plus [&hellip;]<\/p>\n","protected":false},"author":1,"featured_media":0,"parent":0,"menu_order":0,"comment_status":"closed","ping_status":"closed","template":"elementor_header_footer","meta":{"site-sidebar-layout":"default","site-content-layout":"","ast-site-content-layout":"","site-content-style":"default","site-sidebar-style":"default","ast-global-header-display":"","ast-banner-title-visibility":"","ast-main-header-display":"","ast-hfb-above-header-display":"","ast-hfb-below-header-display":"","ast-hfb-mobile-header-display":"","site-post-title":"","ast-breadcrumbs-content":"","ast-featured-img":"","footer-sml-layout":"","theme-transparent-header-meta":"","adv-header-id-meta":"","stick-header-meta":"","header-above-stick-meta":"","header-main-stick-meta":"","header-below-stick-meta":"","astra-migrate-meta-layouts":"default","ast-page-background-enabled":"default","ast-page-background-meta":{"desktop":{"background-color":"","background-image":"","background-repeat":"repeat","background-position":"center center","background-size":"auto","background-attachment":"scroll","background-type":"","background-media":"","overlay-type":"","overlay-color":"","overlay-opacity":"","overlay-gradient":""},"tablet":{"background-color":"","background-image":"","background-repeat":"repeat","background-position":"center center","background-size":"auto","background-attachment":"scroll","background-type":"","background-media":"","overlay-type":"","overlay-color":"","overlay-opacity":"","overlay-gradient":""},"mobile":{"background-color":"","background-image":"","background-repeat":"repeat","background-position":"center center","background-size":"auto","background-attachment":"scroll","background-type":"","background-media":"","overlay-type":"","overlay-color":"","overlay-opacity":"","overlay-gradient":""}},"ast-content-background-meta":{"desktop":{"background-color":"var(--ast-global-color-5)","background-image":"","background-repeat":"repeat","background-position":"center center","background-size":"auto","background-attachment":"scroll","background-type":"","background-media":"","overlay-type":"","overlay-color":"","overlay-opacity":"","overlay-gradient":""},"tablet":{"background-color":"var(--ast-global-color-5)","background-image":"","background-repeat":"repeat","background-position":"center center","background-size":"auto","background-attachment":"scroll","background-type":"","background-media":"","overlay-type":"","overlay-color":"","overlay-opacity":"","overlay-gradient":""},"mobile":{"background-color":"var(--ast-global-color-5)","background-image":"","background-repeat":"repeat","background-position":"center center","background-size":"auto","background-attachment":"scroll","background-type":"","background-media":"","overlay-type":"","overlay-color":"","overlay-opacity":"","overlay-gradient":""}},"footnotes":""},"class_list":["post-2186","page","type-page","status-publish","hentry"],"yoast_head":"<!-- This site is optimized with the Yoast SEO plugin v20.6 - https:\/\/yoast.com\/wordpress\/plugins\/seo\/ -->\n<title>Domaines d&#039;intervention - Color Wellness - B\u00e9atrice Mange<\/title>\n<meta name=\"robots\" content=\"index, follow, max-snippet:-1, max-image-preview:large, max-video-preview:-1\" \/>\n<link rel=\"canonical\" href=\"https:\/\/www.color-wellness.com\/fr\/domaines-dintervention\/\" \/>\n<meta property=\"og:locale\" content=\"fr_FR\" \/>\n<meta property=\"og:type\" content=\"article\" \/>\n<meta property=\"og:title\" content=\"Domaines d&#039;intervention - Color Wellness - B\u00e9atrice Mange\" \/>\n<meta property=\"og:description\" content=\"Votre partenaire couleur : Espaces de vie Nous d\u00e9finissons avec vous les couleurs et les mat\u00e9riaux dans tous les espaces de vie (habitat, sant\u00e9, bureau, \u00e9ducation, etc) Plus d&rsquo;infos Strat\u00e9gie produit Nous cr\u00e9ons les gammes de couleurs pour vos produits, en fonction des attentes de vos clients, et nous formons vos \u00e9quipes de vente Plus [&hellip;]\" \/>\n<meta property=\"og:url\" content=\"https:\/\/www.color-wellness.com\/fr\/domaines-dintervention\/\" \/>\n<meta property=\"og:site_name\" content=\"Color Wellness - B\u00e9atrice Mange\" \/>\n<meta property=\"article:modified_time\" content=\"2021-01-18T11:49:56+00:00\" \/>\n<meta name=\"twitter:card\" content=\"summary_large_image\" \/>\n<meta name=\"twitter:label1\" content=\"Dur\u00e9e de lecture estim\u00e9e\" \/>\n\t<meta name=\"twitter:data1\" content=\"1 minute\" \/>\n<script type=\"application\/ld+json\" class=\"yoast-schema-graph\">{\"@context\":\"https:\/\/schema.org\",\"@graph\":[{\"@type\":\"WebPage\",\"@id\":\"https:\/\/www.color-wellness.com\/fr\/domaines-dintervention\/\",\"url\":\"https:\/\/www.color-wellness.com\/fr\/domaines-dintervention\/\",\"name\":\"Domaines d'intervention - Color Wellness - B\u00e9atrice Mange\",\"isPartOf\":{\"@id\":\"https:\/\/www.color-wellness.com\/fr\/#website\"},\"datePublished\":\"2021-01-18T11:48:53+00:00\",\"dateModified\":\"2021-01-18T11:49:56+00:00\",\"breadcrumb\":{\"@id\":\"https:\/\/www.color-wellness.com\/fr\/domaines-dintervention\/#breadcrumb\"},\"inLanguage\":\"fr-FR\",\"potentialAction\":[{\"@type\":\"ReadAction\",\"target\":[\"https:\/\/www.color-wellness.com\/fr\/domaines-dintervention\/\"]}]},{\"@type\":\"BreadcrumbList\",\"@id\":\"https:\/\/www.color-wellness.com\/fr\/domaines-dintervention\/#breadcrumb\",\"itemListElement\":[{\"@type\":\"ListItem\",\"position\":1,\"name\":\"Home\",\"item\":\"https:\/\/www.color-wellness.com\/fr\/\"},{\"@type\":\"ListItem\",\"position\":2,\"name\":\"Domaines d&rsquo;intervention\"}]},{\"@type\":\"WebSite\",\"@id\":\"https:\/\/www.color-wellness.com\/fr\/#website\",\"url\":\"https:\/\/www.color-wellness.com\/fr\/\",\"name\":\"Color Wellness - B\u00e9atrice Mange\",\"description\":\"Just another WordPress site\",\"potentialAction\":[{\"@type\":\"SearchAction\",\"target\":{\"@type\":\"EntryPoint\",\"urlTemplate\":\"https:\/\/www.color-wellness.com\/fr\/?s={search_term_string}\"},\"query-input\":\"required name=search_term_string\"}],\"inLanguage\":\"fr-FR\"}]}<\/script>\n<!-- \/ Yoast SEO plugin. -->","yoast_head_json":{"title":"Domaines d'intervention - Color Wellness - B\u00e9atrice Mange","robots":{"index":"index","follow":"follow","max-snippet":"max-snippet:-1","max-image-preview":"max-image-preview:large","max-video-preview":"max-video-preview:-1"},"canonical":"https:\/\/www.color-wellness.com\/fr\/domaines-dintervention\/","og_locale":"fr_FR","og_type":"article","og_title":"Domaines d'intervention - Color Wellness - B\u00e9atrice Mange","og_description":"Votre partenaire couleur : Espaces de vie Nous d\u00e9finissons avec vous les couleurs et les mat\u00e9riaux dans tous les espaces de vie (habitat, sant\u00e9, bureau, \u00e9ducation, etc) Plus d&rsquo;infos Strat\u00e9gie produit Nous cr\u00e9ons les gammes de couleurs pour vos produits, en fonction des attentes de vos clients, et nous formons vos \u00e9quipes de vente Plus [&hellip;]","og_url":"https:\/\/www.color-wellness.com\/fr\/domaines-dintervention\/","og_site_name":"Color Wellness - B\u00e9atrice Mange","article_modified_time":"2021-01-18T11:49:56+00:00","twitter_card":"summary_large_image","twitter_misc":{"Dur\u00e9e de lecture estim\u00e9e":"1 minute"},"schema":{"@context":"https:\/\/schema.org","@graph":[{"@type":"WebPage","@id":"https:\/\/www.color-wellness.com\/fr\/domaines-dintervention\/","url":"https:\/\/www.color-wellness.com\/fr\/domaines-dintervention\/","name":"Domaines d'intervention - Color Wellness - B\u00e9atrice Mange","isPartOf":{"@id":"https:\/\/www.color-wellness.com\/fr\/#website"},"datePublished":"2021-01-18T11:48:53+00:00","dateModified":"2021-01-18T11:49:56+00:00","breadcrumb":{"@id":"https:\/\/www.color-wellness.com\/fr\/domaines-dintervention\/#breadcrumb"},"inLanguage":"fr-FR","potentialAction":[{"@type":"ReadAction","target":["https:\/\/www.color-wellness.com\/fr\/domaines-dintervention\/"]}]},{"@type":"BreadcrumbList","@id":"https:\/\/www.color-wellness.com\/fr\/domaines-dintervention\/#breadcrumb","itemListElement":[{"@type":"ListItem","position":1,"name":"Home","item":"https:\/\/www.color-wellness.com\/fr\/"},{"@type":"ListItem","position":2,"name":"Domaines d&rsquo;intervention"}]},{"@type":"WebSite","@id":"https:\/\/www.color-wellness.com\/fr\/#website","url":"https:\/\/www.color-wellness.com\/fr\/","name":"Color Wellness - B\u00e9atrice Mange","description":"Just another WordPress site","potentialAction":[{"@type":"SearchAction","target":{"@type":"EntryPoint","urlTemplate":"https:\/\/www.color-wellness.com\/fr\/?s={search_term_string}"},"query-input":"required name=search_term_string"}],"inLanguage":"fr-FR"}]}},"_links":{"self":[{"href":"https:\/\/www.color-wellness.com\/fr\/wp-json\/wp\/v2\/pages\/2186"}],"collection":[{"href":"https:\/\/www.color-wellness.com\/fr\/wp-json\/wp\/v2\/pages"}],"about":[{"href":"https:\/\/www.color-wellness.com\/fr\/wp-json\/wp\/v2\/types\/page"}],"author":[{"embeddable":true,"href":"https:\/\/www.color-wellness.com\/fr\/wp-json\/wp\/v2\/users\/1"}],"replies":[{"embeddable":true,"href":"https:\/\/www.color-wellness.com\/fr\/wp-json\/wp\/v2\/comments?post=2186"}],"version-history":[{"count":4,"href":"https:\/\/www.color-wellness.com\/fr\/wp-json\/wp\/v2\/pages\/2186\/revisions"}],"predecessor-version":[{"id":2190,"href":"https:\/\/www.color-wellness.com\/fr\/wp-json\/wp\/v2\/pages\/2186\/revisions\/2190"}],"wp:attachment":[{"href":"https:\/\/www.color-wellness.com\/fr\/wp-json\/wp\/v2\/media?parent=2186"}],"curies":[{"name":"wp","href":"https:\/\/api.w.org\/{rel}","templated":true}]}}