{"id":2336,"date":"2021-01-19T12:47:33","date_gmt":"2021-01-19T12:47:33","guid":{"rendered":"https:\/\/www.color-wellness.com\/?page_id=2336"},"modified":"2021-01-19T15:12:44","modified_gmt":"2021-01-19T15:12:44","slug":"presentation","status":"publish","type":"page","link":"https:\/\/www.color-wellness.com\/fr\/presentation\/","title":{"rendered":"Pr\u00e9sentation"},"content":{"rendered":"\t\t<div data-elementor-type=\"wp-page\" data-elementor-id=\"2336\" class=\"elementor elementor-2336\" data-elementor-post-type=\"page\">\n\t\t\t\t\t\t<section class=\"elementor-section elementor-top-section elementor-element elementor-element-feaf75b elementor-section-boxed elementor-section-height-default elementor-section-height-default\" data-id=\"feaf75b\" data-element_type=\"section\">\n\t\t\t\t\t\t<div class=\"elementor-container elementor-column-gap-default\">\n\t\t\t\t\t<div class=\"elementor-column elementor-col-100 elementor-top-column elementor-element elementor-element-f525748\" data-id=\"f525748\" data-element_type=\"column\">\n\t\t\t<div class=\"elementor-widget-wrap elementor-element-populated\">\n\t\t\t\t\t\t<section class=\"elementor-section elementor-inner-section elementor-element elementor-element-281ea03 elementor-section-boxed elementor-section-height-default elementor-section-height-default\" data-id=\"281ea03\" data-element_type=\"section\">\n\t\t\t\t\t\t<div class=\"elementor-container elementor-column-gap-default\">\n\t\t\t\t\t<div class=\"elementor-column elementor-col-50 elementor-inner-column elementor-element elementor-element-6e1ad44\" data-id=\"6e1ad44\" data-element_type=\"column\">\n\t\t\t<div class=\"elementor-widget-wrap elementor-element-populated\">\n\t\t\t\t\t\t<div class=\"elementor-element elementor-element-8a90afc elementor-arrows-position-inside elementor-pagination-position-outside elementor-widget elementor-widget-image-carousel\" data-id=\"8a90afc\" data-element_type=\"widget\" data-settings=\"{&quot;slides_to_show&quot;:&quot;1&quot;,&quot;pause_on_hover&quot;:&quot;no&quot;,&quot;pause_on_interaction&quot;:&quot;no&quot;,&quot;navigation&quot;:&quot;both&quot;,&quot;autoplay&quot;:&quot;yes&quot;,&quot;autoplay_speed&quot;:5000,&quot;infinite&quot;:&quot;yes&quot;,&quot;effect&quot;:&quot;slide&quot;,&quot;speed&quot;:500}\" data-widget_type=\"image-carousel.default\">\n\t\t\t\t<div class=\"elementor-widget-container\">\n\t\t\t\t\t<div class=\"elementor-image-carousel-wrapper swiper\" dir=\"ltr\">\n\t\t\t<div class=\"elementor-image-carousel swiper-wrapper\" aria-live=\"off\">\n\t\t\t\t\t\t\t\t<div class=\"swiper-slide\" role=\"group\" aria-roledescription=\"slide\" aria-label=\"1 sur 7\"><figure class=\"swiper-slide-inner\"><img decoding=\"async\" class=\"swiper-slide-image\" src=\"https:\/\/www.color-wellness.com\/wp-content\/uploads\/2021\/01\/shutterstock_413233585-1-1024x683.jpg\" alt=\"shutterstock_413233585 (1)\" \/><\/figure><\/div><div class=\"swiper-slide\" role=\"group\" aria-roledescription=\"slide\" aria-label=\"2 sur 7\"><figure class=\"swiper-slide-inner\"><img decoding=\"async\" class=\"swiper-slide-image\" src=\"https:\/\/www.color-wellness.com\/wp-content\/uploads\/2021\/01\/shutterstock_1166042692-1-1024x683.jpg\" alt=\"shutterstock_1166042692 (1)\" \/><\/figure><\/div><div class=\"swiper-slide\" role=\"group\" aria-roledescription=\"slide\" aria-label=\"3 sur 7\"><figure class=\"swiper-slide-inner\"><img decoding=\"async\" class=\"swiper-slide-image\" src=\"https:\/\/www.color-wellness.com\/wp-content\/uploads\/2021\/01\/shutterstock_422228674-1-1024x682.jpg\" alt=\"shutterstock_422228674 (1)\" \/><\/figure><\/div><div class=\"swiper-slide\" role=\"group\" aria-roledescription=\"slide\" aria-label=\"4 sur 7\"><figure class=\"swiper-slide-inner\"><img decoding=\"async\" class=\"swiper-slide-image\" src=\"https:\/\/www.color-wellness.com\/wp-content\/uploads\/2021\/01\/shutterstock_1099861496-1-1024x768.jpg\" alt=\"shutterstock_1099861496 (1)\" \/><\/figure><\/div><div class=\"swiper-slide\" role=\"group\" aria-roledescription=\"slide\" aria-label=\"5 sur 7\"><figure class=\"swiper-slide-inner\"><img decoding=\"async\" class=\"swiper-slide-image\" src=\"https:\/\/www.color-wellness.com\/wp-content\/uploads\/2021\/01\/shutterstock_235257214-1-1024x573.jpg\" alt=\"shutterstock_235257214 (1)\" \/><\/figure><\/div><div class=\"swiper-slide\" role=\"group\" aria-roledescription=\"slide\" aria-label=\"6 sur 7\"><figure class=\"swiper-slide-inner\"><img decoding=\"async\" class=\"swiper-slide-image\" src=\"https:\/\/www.color-wellness.com\/wp-content\/uploads\/2021\/01\/shutterstock_1115795729-1-1024x683.jpg\" alt=\"shutterstock_1115795729 (1)\" \/><\/figure><\/div><div class=\"swiper-slide\" role=\"group\" aria-roledescription=\"slide\" aria-label=\"7 sur 7\"><figure class=\"swiper-slide-inner\"><img decoding=\"async\" class=\"swiper-slide-image\" src=\"https:\/\/www.color-wellness.com\/wp-content\/uploads\/2021\/01\/shutterstock_1420652546-1-1024x683.jpg\" alt=\"shutterstock_1420652546 (1)\" \/><\/figure><\/div>\t\t\t<\/div>\n\t\t\t\t\t\t\t\t\t\t\t\t<div class=\"elementor-swiper-button elementor-swiper-button-prev\" role=\"button\" tabindex=\"0\">\n\t\t\t\t\t\t<i aria-hidden=\"true\" class=\"eicon-chevron-left\"><\/i>\t\t\t\t\t<\/div>\n\t\t\t\t\t<div class=\"elementor-swiper-button elementor-swiper-button-next\" role=\"button\" tabindex=\"0\">\n\t\t\t\t\t\t<i aria-hidden=\"true\" class=\"eicon-chevron-right\"><\/i>\t\t\t\t\t<\/div>\n\t\t\t\t\n\t\t\t\t\t\t\t\t\t<div class=\"swiper-pagination\"><\/div>\n\t\t\t\t\t\t\t\t\t<\/div>\n\t\t\t\t<\/div>\n\t\t\t\t<\/div>\n\t\t\t\t\t<\/div>\n\t\t<\/div>\n\t\t\t\t<div class=\"elementor-column elementor-col-50 elementor-inner-column elementor-element elementor-element-70d0c75\" data-id=\"70d0c75\" data-element_type=\"column\">\n\t\t\t<div class=\"elementor-widget-wrap elementor-element-populated\">\n\t\t\t\t\t\t<div class=\"elementor-element elementor-element-5c0fc93 elementor-widget elementor-widget-heading\" data-id=\"5c0fc93\" data-element_type=\"widget\" data-widget_type=\"heading.default\">\n\t\t\t\t<div class=\"elementor-widget-container\">\n\t\t\t<h2 class=\"elementor-heading-title elementor-size-default\">L'expertise couleur <\/h2>\t\t<\/div>\n\t\t\t\t<\/div>\n\t\t\t\t<div class=\"elementor-element elementor-element-6cb477a elementor-widget elementor-widget-text-editor\" data-id=\"6cb477a\" data-element_type=\"widget\" data-widget_type=\"text-editor.default\">\n\t\t\t\t<div class=\"elementor-widget-container\">\n\t\t\t\t\t\t\t<p>Nous vivons dans un monde de couleurs.<\/p><p>Aujourd&rsquo;hui, nous savons que ces couleurs ont une influence sur nos comportements, et notre bien \u00eatre.\u00a0<\/p><p>C&rsquo;est pourquoi Color Wellness vous aide \u00e0 exploiter les bienfaits de la couleur dans les domaines suivants :<br \/>&#8211; espaces de vie publics et priv\u00e9s<br \/>&#8211; strat\u00e9gie produit<br \/>&#8211; conseil en image personnelle.\u00a0<\/p><p>Des formations sont \u00e9galement propos\u00e9es afin de vous transmettre les bonnes pratiques en mati\u00e8re de couleur.\u00a0<\/p>\t\t\t\t\t\t<\/div>\n\t\t\t\t<\/div>\n\t\t\t\t<div class=\"elementor-element elementor-element-0ebdbab elementor-align-left elementor-mobile-align-left elementor-invisible elementor-widget elementor-widget-button\" data-id=\"0ebdbab\" data-element_type=\"widget\" data-settings=\"{&quot;_animation&quot;:&quot;fadeInRight&quot;,&quot;_animation_delay&quot;:1200}\" data-widget_type=\"button.default\">\n\t\t\t\t<div class=\"elementor-widget-container\">\n\t\t\t\t\t<div class=\"elementor-button-wrapper\">\n\t\t\t<a class=\"elementor-button elementor-button-link elementor-size-sm\" href=\"http:\/\/contact\">\n\t\t\t\t\t\t<span class=\"elementor-button-content-wrapper\">\n\t\t\t\t\t\t\t\t\t<span class=\"elementor-button-text\">Contact<\/span>\n\t\t\t\t\t<\/span>\n\t\t\t\t\t<\/a>\n\t\t<\/div>\n\t\t\t\t<\/div>\n\t\t\t\t<\/div>\n\t\t\t\t\t<\/div>\n\t\t<\/div>\n\t\t\t\t\t<\/div>\n\t\t<\/section>\n\t\t\t\t<section class=\"elementor-section elementor-inner-section elementor-element elementor-element-b836886 elementor-section-boxed elementor-section-height-default elementor-section-height-default\" data-id=\"b836886\" data-element_type=\"section\">\n\t\t\t\t\t\t<div class=\"elementor-container elementor-column-gap-default\">\n\t\t\t\t\t<div class=\"elementor-column elementor-col-50 elementor-inner-column elementor-element elementor-element-e913dc3\" data-id=\"e913dc3\" data-element_type=\"column\">\n\t\t\t<div class=\"elementor-widget-wrap elementor-element-populated\">\n\t\t\t\t\t\t<div class=\"elementor-element elementor-element-334aef8 elementor-widget elementor-widget-heading\" data-id=\"334aef8\" data-element_type=\"widget\" data-widget_type=\"heading.default\">\n\t\t\t\t<div class=\"elementor-widget-container\">\n\t\t\t<h2 class=\"elementor-heading-title elementor-size-default\">Le mot de la fondatrice<\/h2>\t\t<\/div>\n\t\t\t\t<\/div>\n\t\t\t\t<div class=\"elementor-element elementor-element-6b9d361 elementor-blockquote--skin-quotation elementor-blockquote--button-color-official elementor-widget elementor-widget-blockquote\" data-id=\"6b9d361\" data-element_type=\"widget\" data-widget_type=\"blockquote.default\">\n\t\t\t\t<div class=\"elementor-widget-container\">\n\t\t\t\t\t<blockquote class=\"elementor-blockquote\">\n\t\t\t<p class=\"elementor-blockquote__content\">\n\t\t\t\tDepuis toujours passionn\u00e9e par la couleur, j'ai pu mettre \u00e0 profit mon expertise au sein d'un groupe industriel, en tant que Directrice du d\u00e9partement Design.<\/br><\/br>\nD\u00e9sireuse d'\u00e9largir mes activit\u00e9s li\u00e9es \u00e0 la couleur, j'ai cr\u00e9\u00e9 Color Wellness. <\/br><\/br>Je souhaite d\u00e9montrer que la couleur n'a pas qu'un r\u00f4le esth\u00e9tique, que ce soit en architecture, ou dans l'industrie. <\/br>Le pouvoir des couleurs et leur influence sur notre bien-\u00eatre sont pour moi essentiels. \t\t\t<\/p>\n\t\t\t\t\t\t\t<div class=\"e-q-footer\">\n\t\t\t\t\t\t\t\t\t\t\t<cite class=\"elementor-blockquote__author\">B\u00e9atrice MANGE<\/cite>\n\t\t\t\t\t\t\t\t\t\t\t\t\t\t<\/div>\n\t\t\t\t\t<\/blockquote>\n\t\t\t\t<\/div>\n\t\t\t\t<\/div>\n\t\t\t\t\t<\/div>\n\t\t<\/div>\n\t\t\t\t<div class=\"elementor-column elementor-col-50 elementor-inner-column elementor-element elementor-element-3f63d25\" data-id=\"3f63d25\" data-element_type=\"column\">\n\t\t\t<div class=\"elementor-widget-wrap elementor-element-populated\">\n\t\t\t\t\t\t<div class=\"elementor-element elementor-element-fac934a elementor-widget elementor-widget-image\" data-id=\"fac934a\" data-element_type=\"widget\" data-widget_type=\"image.default\">\n\t\t\t\t<div class=\"elementor-widget-container\">\n\t\t\t\t\t\t\t\t\t\t\t\t\t<img fetchpriority=\"high\" decoding=\"async\" width=\"583\" height=\"583\" src=\"https:\/\/www.color-wellness.com\/wp-content\/uploads\/2021\/01\/1584716643432.jpeg\" class=\"attachment-large size-large wp-image-2371\" alt=\"\" srcset=\"https:\/\/www.color-wellness.com\/wp-content\/uploads\/2021\/01\/1584716643432.jpeg 583w, https:\/\/www.color-wellness.com\/wp-content\/uploads\/2021\/01\/1584716643432-300x300.jpeg 300w, https:\/\/www.color-wellness.com\/wp-content\/uploads\/2021\/01\/1584716643432-150x150.jpeg 150w, https:\/\/www.color-wellness.com\/wp-content\/uploads\/2021\/01\/1584716643432-100x100.jpeg 100w\" sizes=\"(max-width: 583px) 100vw, 583px\" \/>\t\t\t\t\t\t\t\t\t\t\t\t\t<\/div>\n\t\t\t\t<\/div>\n\t\t\t\t\t<\/div>\n\t\t<\/div>\n\t\t\t\t\t<\/div>\n\t\t<\/section>\n\t\t\t\t\t<\/div>\n\t\t<\/div>\n\t\t\t\t\t<\/div>\n\t\t<\/section>\n\t\t\t\t<\/div>\n\t\t","protected":false},"excerpt":{"rendered":"<p>Color Wellness : pr\u00e9sentation Pr\u00e9c\u00e9dent Suivant L&rsquo;expertise couleur Nous vivons dans un monde de couleurs. Aujourd&rsquo;hui, nous savons que ces couleurs ont une influence sur nos comportements, et notre bien \u00eatre.\u00a0 C&rsquo;est pourquoi Color Wellness vous aide \u00e0 exploiter les bienfaits de la couleur dans les domaines suivants :&#8211; espaces de vie publics et priv\u00e9s&#8211; [&hellip;]<\/p>\n","protected":false},"author":1,"featured_media":0,"parent":0,"menu_order":0,"comment_status":"closed","ping_status":"closed","template":"elementor_header_footer","meta":{"site-sidebar-layout":"default","site-content-layout":"","ast-site-content-layout":"","site-content-style":"default","site-sidebar-style":"default","ast-global-header-display":"","ast-banner-title-visibility":"","ast-main-header-display":"","ast-hfb-above-header-display":"","ast-hfb-below-header-display":"","ast-hfb-mobile-header-display":"","site-post-title":"","ast-breadcrumbs-content":"","ast-featured-img":"","footer-sml-layout":"","theme-transparent-header-meta":"","adv-header-id-meta":"","stick-header-meta":"","header-above-stick-meta":"","header-main-stick-meta":"","header-below-stick-meta":"","astra-migrate-meta-layouts":"default","ast-page-background-enabled":"default","ast-page-background-meta":{"desktop":{"background-color":"","background-image":"","background-repeat":"repeat","background-position":"center center","background-size":"auto","background-attachment":"scroll","background-type":"","background-media":"","overlay-type":"","overlay-color":"","overlay-opacity":"","overlay-gradient":""},"tablet":{"background-color":"","background-image":"","background-repeat":"repeat","background-position":"center center","background-size":"auto","background-attachment":"scroll","background-type":"","background-media":"","overlay-type":"","overlay-color":"","overlay-opacity":"","overlay-gradient":""},"mobile":{"background-color":"","background-image":"","background-repeat":"repeat","background-position":"center center","background-size":"auto","background-attachment":"scroll","background-type":"","background-media":"","overlay-type":"","overlay-color":"","overlay-opacity":"","overlay-gradient":""}},"ast-content-background-meta":{"desktop":{"background-color":"var(--ast-global-color-5)","background-image":"","background-repeat":"repeat","background-position":"center center","background-size":"auto","background-attachment":"scroll","background-type":"","background-media":"","overlay-type":"","overlay-color":"","overlay-opacity":"","overlay-gradient":""},"tablet":{"background-color":"var(--ast-global-color-5)","background-image":"","background-repeat":"repeat","background-position":"center center","background-size":"auto","background-attachment":"scroll","background-type":"","background-media":"","overlay-type":"","overlay-color":"","overlay-opacity":"","overlay-gradient":""},"mobile":{"background-color":"var(--ast-global-color-5)","background-image":"","background-repeat":"repeat","background-position":"center center","background-size":"auto","background-attachment":"scroll","background-type":"","background-media":"","overlay-type":"","overlay-color":"","overlay-opacity":"","overlay-gradient":""}},"footnotes":""},"class_list":["post-2336","page","type-page","status-publish","hentry"],"yoast_head":"<!-- This site is optimized with the Yoast SEO plugin v20.6 - https:\/\/yoast.com\/wordpress\/plugins\/seo\/ -->\n<title>Pr\u00e9sentation - Color Wellness - B\u00e9atrice Mange<\/title>\n<meta name=\"robots\" content=\"index, follow, max-snippet:-1, max-image-preview:large, max-video-preview:-1\" \/>\n<link rel=\"canonical\" href=\"https:\/\/www.color-wellness.com\/fr\/presentation\/\" \/>\n<meta property=\"og:locale\" content=\"fr_FR\" \/>\n<meta property=\"og:type\" content=\"article\" \/>\n<meta property=\"og:title\" content=\"Pr\u00e9sentation - Color Wellness - B\u00e9atrice Mange\" \/>\n<meta property=\"og:description\" content=\"Color Wellness : pr\u00e9sentation Pr\u00e9c\u00e9dent Suivant L&rsquo;expertise couleur Nous vivons dans un monde de couleurs. Aujourd&rsquo;hui, nous savons que ces couleurs ont une influence sur nos comportements, et notre bien \u00eatre.\u00a0 C&rsquo;est pourquoi Color Wellness vous aide \u00e0 exploiter les bienfaits de la couleur dans les domaines suivants :&#8211; espaces de vie publics et priv\u00e9s&#8211; [&hellip;]\" \/>\n<meta property=\"og:url\" content=\"https:\/\/www.color-wellness.com\/fr\/presentation\/\" \/>\n<meta property=\"og:site_name\" content=\"Color Wellness - B\u00e9atrice Mange\" \/>\n<meta property=\"article:modified_time\" content=\"2021-01-19T15:12:44+00:00\" \/>\n<meta property=\"og:image\" content=\"https:\/\/www.color-wellness.com\/wp-content\/uploads\/2021\/01\/shutterstock_413233585-1-1024x683.jpg\" \/>\n<meta name=\"twitter:card\" content=\"summary_large_image\" \/>\n<meta name=\"twitter:label1\" content=\"Dur\u00e9e de lecture estim\u00e9e\" \/>\n\t<meta name=\"twitter:data1\" content=\"3 minutes\" \/>\n<script type=\"application\/ld+json\" class=\"yoast-schema-graph\">{\"@context\":\"https:\/\/schema.org\",\"@graph\":[{\"@type\":\"WebPage\",\"@id\":\"https:\/\/www.color-wellness.com\/fr\/presentation\/\",\"url\":\"https:\/\/www.color-wellness.com\/fr\/presentation\/\",\"name\":\"Pr\u00e9sentation - Color Wellness - B\u00e9atrice Mange\",\"isPartOf\":{\"@id\":\"https:\/\/www.color-wellness.com\/fr\/#website\"},\"datePublished\":\"2021-01-19T12:47:33+00:00\",\"dateModified\":\"2021-01-19T15:12:44+00:00\",\"breadcrumb\":{\"@id\":\"https:\/\/www.color-wellness.com\/fr\/presentation\/#breadcrumb\"},\"inLanguage\":\"fr-FR\",\"potentialAction\":[{\"@type\":\"ReadAction\",\"target\":[\"https:\/\/www.color-wellness.com\/fr\/presentation\/\"]}]},{\"@type\":\"BreadcrumbList\",\"@id\":\"https:\/\/www.color-wellness.com\/fr\/presentation\/#breadcrumb\",\"itemListElement\":[{\"@type\":\"ListItem\",\"position\":1,\"name\":\"Home\",\"item\":\"https:\/\/www.color-wellness.com\/fr\/\"},{\"@type\":\"ListItem\",\"position\":2,\"name\":\"Pr\u00e9sentation\"}]},{\"@type\":\"WebSite\",\"@id\":\"https:\/\/www.color-wellness.com\/fr\/#website\",\"url\":\"https:\/\/www.color-wellness.com\/fr\/\",\"name\":\"Color Wellness - B\u00e9atrice Mange\",\"description\":\"Just another WordPress site\",\"potentialAction\":[{\"@type\":\"SearchAction\",\"target\":{\"@type\":\"EntryPoint\",\"urlTemplate\":\"https:\/\/www.color-wellness.com\/fr\/?s={search_term_string}\"},\"query-input\":\"required name=search_term_string\"}],\"inLanguage\":\"fr-FR\"}]}<\/script>\n<!-- \/ Yoast SEO plugin. -->","yoast_head_json":{"title":"Pr\u00e9sentation - Color Wellness - B\u00e9atrice Mange","robots":{"index":"index","follow":"follow","max-snippet":"max-snippet:-1","max-image-preview":"max-image-preview:large","max-video-preview":"max-video-preview:-1"},"canonical":"https:\/\/www.color-wellness.com\/fr\/presentation\/","og_locale":"fr_FR","og_type":"article","og_title":"Pr\u00e9sentation - Color Wellness - B\u00e9atrice Mange","og_description":"Color Wellness : pr\u00e9sentation Pr\u00e9c\u00e9dent Suivant L&rsquo;expertise couleur Nous vivons dans un monde de couleurs. Aujourd&rsquo;hui, nous savons que ces couleurs ont une influence sur nos comportements, et notre bien \u00eatre.\u00a0 C&rsquo;est pourquoi Color Wellness vous aide \u00e0 exploiter les bienfaits de la couleur dans les domaines suivants :&#8211; espaces de vie publics et priv\u00e9s&#8211; [&hellip;]","og_url":"https:\/\/www.color-wellness.com\/fr\/presentation\/","og_site_name":"Color Wellness - B\u00e9atrice Mange","article_modified_time":"2021-01-19T15:12:44+00:00","og_image":[{"url":"https:\/\/www.color-wellness.com\/wp-content\/uploads\/2021\/01\/shutterstock_413233585-1-1024x683.jpg"}],"twitter_card":"summary_large_image","twitter_misc":{"Dur\u00e9e de lecture estim\u00e9e":"3 minutes"},"schema":{"@context":"https:\/\/schema.org","@graph":[{"@type":"WebPage","@id":"https:\/\/www.color-wellness.com\/fr\/presentation\/","url":"https:\/\/www.color-wellness.com\/fr\/presentation\/","name":"Pr\u00e9sentation - Color Wellness - B\u00e9atrice Mange","isPartOf":{"@id":"https:\/\/www.color-wellness.com\/fr\/#website"},"datePublished":"2021-01-19T12:47:33+00:00","dateModified":"2021-01-19T15:12:44+00:00","breadcrumb":{"@id":"https:\/\/www.color-wellness.com\/fr\/presentation\/#breadcrumb"},"inLanguage":"fr-FR","potentialAction":[{"@type":"ReadAction","target":["https:\/\/www.color-wellness.com\/fr\/presentation\/"]}]},{"@type":"BreadcrumbList","@id":"https:\/\/www.color-wellness.com\/fr\/presentation\/#breadcrumb","itemListElement":[{"@type":"ListItem","position":1,"name":"Home","item":"https:\/\/www.color-wellness.com\/fr\/"},{"@type":"ListItem","position":2,"name":"Pr\u00e9sentation"}]},{"@type":"WebSite","@id":"https:\/\/www.color-wellness.com\/fr\/#website","url":"https:\/\/www.color-wellness.com\/fr\/","name":"Color Wellness - B\u00e9atrice Mange","description":"Just another WordPress site","potentialAction":[{"@type":"SearchAction","target":{"@type":"EntryPoint","urlTemplate":"https:\/\/www.color-wellness.com\/fr\/?s={search_term_string}"},"query-input":"required name=search_term_string"}],"inLanguage":"fr-FR"}]}},"_links":{"self":[{"href":"https:\/\/www.color-wellness.com\/fr\/wp-json\/wp\/v2\/pages\/2336"}],"collection":[{"href":"https:\/\/www.color-wellness.com\/fr\/wp-json\/wp\/v2\/pages"}],"about":[{"href":"https:\/\/www.color-wellness.com\/fr\/wp-json\/wp\/v2\/types\/page"}],"author":[{"embeddable":true,"href":"https:\/\/www.color-wellness.com\/fr\/wp-json\/wp\/v2\/users\/1"}],"replies":[{"embeddable":true,"href":"https:\/\/www.color-wellness.com\/fr\/wp-json\/wp\/v2\/comments?post=2336"}],"version-history":[{"count":34,"href":"https:\/\/www.color-wellness.com\/fr\/wp-json\/wp\/v2\/pages\/2336\/revisions"}],"predecessor-version":[{"id":2390,"href":"https:\/\/www.color-wellness.com\/fr\/wp-json\/wp\/v2\/pages\/2336\/revisions\/2390"}],"wp:attachment":[{"href":"https:\/\/www.color-wellness.com\/fr\/wp-json\/wp\/v2\/media?parent=2336"}],"curies":[{"name":"wp","href":"https:\/\/api.w.org\/{rel}","templated":true}]}}