{"id":257,"date":"2019-10-02T14:44:11","date_gmt":"2019-10-02T14:44:11","guid":{"rendered":"https:\/\/www.color-wellness.com\/?page_id=257"},"modified":"2021-01-18T11:52:22","modified_gmt":"2021-01-18T11:52:22","slug":"formation-old","status":"publish","type":"page","link":"https:\/\/www.color-wellness.com\/fr\/formation-old\/","title":{"rendered":"Formation old"},"content":{"rendered":"\t\t<div data-elementor-type=\"wp-page\" data-elementor-id=\"257\" class=\"elementor elementor-257\" data-elementor-post-type=\"page\">\n\t\t\t\t\t\t<section class=\"elementor-section elementor-top-section elementor-element elementor-element-f42537f elementor-section-height-min-height elementor-section-boxed elementor-section-height-default elementor-section-items-middle\" data-id=\"f42537f\" data-element_type=\"section\" data-settings=\"{&quot;background_background&quot;:&quot;classic&quot;}\">\n\t\t\t\t\t\t\t<div class=\"elementor-background-overlay\"><\/div>\n\t\t\t\t\t\t\t<div class=\"elementor-container elementor-column-gap-default\">\n\t\t\t\t\t<div class=\"elementor-column elementor-col-100 elementor-top-column elementor-element elementor-element-d9a2d69 elementor-invisible\" data-id=\"d9a2d69\" data-element_type=\"column\" data-settings=\"{&quot;animation&quot;:&quot;fadeIn&quot;,&quot;animation_delay&quot;:350}\">\n\t\t\t<div class=\"elementor-widget-wrap elementor-element-populated\">\n\t\t\t\t\t\t<section class=\"elementor-section elementor-inner-section elementor-element elementor-element-2ae1009 elementor-reverse-tablet elementor-reverse-mobile elementor-section-boxed elementor-section-height-default elementor-section-height-default\" data-id=\"2ae1009\" data-element_type=\"section\" data-settings=\"{&quot;background_background&quot;:&quot;classic&quot;}\">\n\t\t\t\t\t\t\t<div class=\"elementor-background-overlay\"><\/div>\n\t\t\t\t\t\t\t<div class=\"elementor-container elementor-column-gap-default\">\n\t\t\t\t\t<div class=\"elementor-column elementor-col-50 elementor-inner-column elementor-element elementor-element-062b498\" data-id=\"062b498\" data-element_type=\"column\">\n\t\t\t<div class=\"elementor-widget-wrap elementor-element-populated\">\n\t\t\t\t\t\t<div class=\"elementor-element elementor-element-c17e106 elementor-widget elementor-widget-text-editor\" data-id=\"c17e106\" data-element_type=\"widget\" data-widget_type=\"text-editor.default\">\n\t\t\t\t<div class=\"elementor-widget-container\">\n\t\t\t\t\t\t\t<p>B\u00e9n\u00e9ficiez de l&rsquo;exp\u00e9rience de B\u00e9atrice Mange, fondatrice de Color Wellness Design lors d&rsquo;ateliers ou formations.<\/p><p>Cela vous permettra d&rsquo;<strong>acqu\u00e9rir les fondamentaux de la th\u00e9orie des couleurs,\u00a0<\/strong>ainsi que l&rsquo;<strong>association couleur \/ contraste \/\u00a0<\/strong><b>lumi\u00e8re. <\/b><\/p><p><b><br \/><\/b>Dans la phase d\u2019\u00e9laboration de vos produits, vous apprendrez \u00e0 :<br \/>&#8211; <strong>cr\u00e9er les gammes color\u00e9es<\/strong>\u00a0<br \/>&#8211; rationnaliser les couleurs pour <strong>favoriser l\u2019harmonie chromatique<\/strong>\u00a0<br \/>&#8211;\u00a0<strong>optimiser le process de production<\/strong>.<\/p><p>Vous serez \u00e9galement sensibilis\u00e9 aux <strong>avantages d&rsquo;int\u00e9grer la couleur dans les environnements quotidiens<\/strong>. \u00a0<\/p><p>Enfin il sera question de communiquer \u00a0aux \u00e9quipes de ventes l<strong>&lsquo;importance de la couleur en tant qu&rsquo;outil pour stimuler le business<\/strong>, et pour <strong>faire appel aux \u00e9motions des clients<\/strong>.\u00a0<\/p>\t\t\t\t\t\t<\/div>\n\t\t\t\t<\/div>\n\t\t\t\t<div class=\"elementor-element elementor-element-a51dfef elementor-align-center elementor-widget elementor-widget-button\" data-id=\"a51dfef\" data-element_type=\"widget\" data-widget_type=\"button.default\">\n\t\t\t\t<div class=\"elementor-widget-container\">\n\t\t\t\t\t<div class=\"elementor-button-wrapper\">\n\t\t\t<a class=\"elementor-button elementor-button-link elementor-size-sm\" href=\"https:\/\/www.color-wellness.com\/contact\/\">\n\t\t\t\t\t\t<span class=\"elementor-button-content-wrapper\">\n\t\t\t\t\t\t\t\t\t<span class=\"elementor-button-text\">Contact<\/span>\n\t\t\t\t\t<\/span>\n\t\t\t\t\t<\/a>\n\t\t<\/div>\n\t\t\t\t<\/div>\n\t\t\t\t<\/div>\n\t\t\t\t\t<\/div>\n\t\t<\/div>\n\t\t\t\t<div class=\"elementor-column elementor-col-50 elementor-inner-column elementor-element elementor-element-8818c03\" data-id=\"8818c03\" data-element_type=\"column\">\n\t\t\t<div class=\"elementor-widget-wrap elementor-element-populated\">\n\t\t\t\t\t\t<div class=\"elementor-element elementor-element-bd6b636 elementor-widget elementor-widget-image\" data-id=\"bd6b636\" data-element_type=\"widget\" data-widget_type=\"image.default\">\n\t\t\t\t<div class=\"elementor-widget-container\">\n\t\t\t\t\t\t\t\t\t\t\t\t\t<img fetchpriority=\"high\" decoding=\"async\" width=\"1052\" height=\"960\" src=\"https:\/\/www.color-wellness.com\/wp-content\/uploads\/2019\/11\/formation-couleurs-color-wellness-design.jpg\" class=\"attachment-full size-full wp-image-1331\" alt=\"\" srcset=\"https:\/\/www.color-wellness.com\/wp-content\/uploads\/2019\/11\/formation-couleurs-color-wellness-design.jpg 1052w, https:\/\/www.color-wellness.com\/wp-content\/uploads\/2019\/11\/formation-couleurs-color-wellness-design-300x274.jpg 300w, https:\/\/www.color-wellness.com\/wp-content\/uploads\/2019\/11\/formation-couleurs-color-wellness-design-1024x934.jpg 1024w, https:\/\/www.color-wellness.com\/wp-content\/uploads\/2019\/11\/formation-couleurs-color-wellness-design-768x701.jpg 768w\" sizes=\"(max-width: 1052px) 100vw, 1052px\" \/>\t\t\t\t\t\t\t\t\t\t\t\t\t<\/div>\n\t\t\t\t<\/div>\n\t\t\t\t\t<\/div>\n\t\t<\/div>\n\t\t\t\t\t<\/div>\n\t\t<\/section>\n\t\t\t\t\t<\/div>\n\t\t<\/div>\n\t\t\t\t\t<\/div>\n\t\t<\/section>\n\t\t\t\t<\/div>\n\t\t","protected":false},"excerpt":{"rendered":"<p>La formation Color Wellness Design B\u00e9n\u00e9ficiez de l&rsquo;exp\u00e9rience de B\u00e9atrice Mange, fondatrice de Color Wellness Design lors d&rsquo;ateliers ou formations. Cela vous permettra d&rsquo;acqu\u00e9rir les fondamentaux de la th\u00e9orie des couleurs,\u00a0ainsi que l&rsquo;association couleur \/ contraste \/\u00a0lumi\u00e8re. Dans la phase d\u2019\u00e9laboration de vos produits, vous apprendrez \u00e0 : &#8211; cr\u00e9er les gammes color\u00e9es &#8211; rationnaliser [&hellip;]<\/p>\n","protected":false},"author":1,"featured_media":0,"parent":0,"menu_order":0,"comment_status":"closed","ping_status":"closed","template":"elementor_header_footer","meta":{"site-sidebar-layout":"default","site-content-layout":"","ast-site-content-layout":"","site-content-style":"default","site-sidebar-style":"default","ast-global-header-display":"","ast-banner-title-visibility":"","ast-main-header-display":"","ast-hfb-above-header-display":"","ast-hfb-below-header-display":"","ast-hfb-mobile-header-display":"","site-post-title":"","ast-breadcrumbs-content":"","ast-featured-img":"","footer-sml-layout":"","theme-transparent-header-meta":"","adv-header-id-meta":"","stick-header-meta":"","header-above-stick-meta":"","header-main-stick-meta":"","header-below-stick-meta":"","astra-migrate-meta-layouts":"default","ast-page-background-enabled":"default","ast-page-background-meta":{"desktop":{"background-color":"","background-image":"","background-repeat":"repeat","background-position":"center center","background-size":"auto","background-attachment":"scroll","background-type":"","background-media":"","overlay-type":"","overlay-color":"","overlay-opacity":"","overlay-gradient":""},"tablet":{"background-color":"","background-image":"","background-repeat":"repeat","background-position":"center center","background-size":"auto","background-attachment":"scroll","background-type":"","background-media":"","overlay-type":"","overlay-color":"","overlay-opacity":"","overlay-gradient":""},"mobile":{"background-color":"","background-image":"","background-repeat":"repeat","background-position":"center center","background-size":"auto","background-attachment":"scroll","background-type":"","background-media":"","overlay-type":"","overlay-color":"","overlay-opacity":"","overlay-gradient":""}},"ast-content-background-meta":{"desktop":{"background-color":"var(--ast-global-color-5)","background-image":"","background-repeat":"repeat","background-position":"center center","background-size":"auto","background-attachment":"scroll","background-type":"","background-media":"","overlay-type":"","overlay-color":"","overlay-opacity":"","overlay-gradient":""},"tablet":{"background-color":"var(--ast-global-color-5)","background-image":"","background-repeat":"repeat","background-position":"center center","background-size":"auto","background-attachment":"scroll","background-type":"","background-media":"","overlay-type":"","overlay-color":"","overlay-opacity":"","overlay-gradient":""},"mobile":{"background-color":"var(--ast-global-color-5)","background-image":"","background-repeat":"repeat","background-position":"center center","background-size":"auto","background-attachment":"scroll","background-type":"","background-media":"","overlay-type":"","overlay-color":"","overlay-opacity":"","overlay-gradient":""}},"footnotes":""},"class_list":["post-257","page","type-page","status-publish","hentry"],"yoast_head":"<!-- This site is optimized with the Yoast SEO plugin v20.6 - https:\/\/yoast.com\/wordpress\/plugins\/seo\/ -->\n<title>Formation couleur - Color Wellness - B\u00e9atrice Mange<\/title>\n<meta name=\"description\" content=\"Formation couleur | Color Wellness propose des formation sur la strat\u00e9gie colorielle pour les produits, ou dans les espaces\" \/>\n<meta name=\"robots\" content=\"index, follow, max-snippet:-1, max-image-preview:large, max-video-preview:-1\" \/>\n<link rel=\"canonical\" href=\"https:\/\/www.color-wellness.com\/fr\/formation-old\/\" \/>\n<meta property=\"og:locale\" content=\"fr_FR\" \/>\n<meta property=\"og:type\" content=\"article\" \/>\n<meta property=\"og:title\" content=\"Formation couleur - Color Wellness - B\u00e9atrice Mange\" \/>\n<meta property=\"og:description\" content=\"Formation couleur | Color Wellness propose des formation sur la strat\u00e9gie colorielle pour les produits, ou dans les espaces\" \/>\n<meta property=\"og:url\" content=\"https:\/\/www.color-wellness.com\/fr\/formation-old\/\" \/>\n<meta property=\"og:site_name\" content=\"Color Wellness - B\u00e9atrice Mange\" \/>\n<meta property=\"article:modified_time\" content=\"2021-01-18T11:52:22+00:00\" \/>\n<meta property=\"og:image\" content=\"https:\/\/www.color-wellness.com\/wp-content\/uploads\/2019\/11\/formation-couleurs-color-wellness-design.jpg\" \/>\n<meta name=\"twitter:card\" content=\"summary_large_image\" \/>\n<meta name=\"twitter:label1\" content=\"Dur\u00e9e de lecture estim\u00e9e\" \/>\n\t<meta name=\"twitter:data1\" content=\"1 minute\" \/>\n<script type=\"application\/ld+json\" class=\"yoast-schema-graph\">{\"@context\":\"https:\/\/schema.org\",\"@graph\":[{\"@type\":\"WebPage\",\"@id\":\"https:\/\/www.color-wellness.com\/fr\/formation-old\/\",\"url\":\"https:\/\/www.color-wellness.com\/fr\/formation-old\/\",\"name\":\"Formation couleur - Color Wellness - B\u00e9atrice Mange\",\"isPartOf\":{\"@id\":\"https:\/\/www.color-wellness.com\/fr\/#website\"},\"datePublished\":\"2019-10-02T14:44:11+00:00\",\"dateModified\":\"2021-01-18T11:52:22+00:00\",\"description\":\"Formation couleur | Color Wellness propose des formation sur la strat\u00e9gie colorielle pour les produits, ou dans les espaces\",\"breadcrumb\":{\"@id\":\"https:\/\/www.color-wellness.com\/fr\/formation-old\/#breadcrumb\"},\"inLanguage\":\"fr-FR\",\"potentialAction\":[{\"@type\":\"ReadAction\",\"target\":[\"https:\/\/www.color-wellness.com\/fr\/formation-old\/\"]}]},{\"@type\":\"BreadcrumbList\",\"@id\":\"https:\/\/www.color-wellness.com\/fr\/formation-old\/#breadcrumb\",\"itemListElement\":[{\"@type\":\"ListItem\",\"position\":1,\"name\":\"Home\",\"item\":\"https:\/\/www.color-wellness.com\/fr\/\"},{\"@type\":\"ListItem\",\"position\":2,\"name\":\"Formation old\"}]},{\"@type\":\"WebSite\",\"@id\":\"https:\/\/www.color-wellness.com\/fr\/#website\",\"url\":\"https:\/\/www.color-wellness.com\/fr\/\",\"name\":\"Color Wellness - B\u00e9atrice Mange\",\"description\":\"Just another WordPress site\",\"potentialAction\":[{\"@type\":\"SearchAction\",\"target\":{\"@type\":\"EntryPoint\",\"urlTemplate\":\"https:\/\/www.color-wellness.com\/fr\/?s={search_term_string}\"},\"query-input\":\"required name=search_term_string\"}],\"inLanguage\":\"fr-FR\"}]}<\/script>\n<!-- \/ Yoast SEO plugin. -->","yoast_head_json":{"title":"Formation couleur - Color Wellness - B\u00e9atrice Mange","description":"Formation couleur | Color Wellness propose des formation sur la strat\u00e9gie colorielle pour les produits, ou dans les espaces","robots":{"index":"index","follow":"follow","max-snippet":"max-snippet:-1","max-image-preview":"max-image-preview:large","max-video-preview":"max-video-preview:-1"},"canonical":"https:\/\/www.color-wellness.com\/fr\/formation-old\/","og_locale":"fr_FR","og_type":"article","og_title":"Formation couleur - Color Wellness - B\u00e9atrice Mange","og_description":"Formation couleur | Color Wellness propose des formation sur la strat\u00e9gie colorielle pour les produits, ou dans les espaces","og_url":"https:\/\/www.color-wellness.com\/fr\/formation-old\/","og_site_name":"Color Wellness - B\u00e9atrice Mange","article_modified_time":"2021-01-18T11:52:22+00:00","og_image":[{"url":"https:\/\/www.color-wellness.com\/wp-content\/uploads\/2019\/11\/formation-couleurs-color-wellness-design.jpg"}],"twitter_card":"summary_large_image","twitter_misc":{"Dur\u00e9e de lecture estim\u00e9e":"1 minute"},"schema":{"@context":"https:\/\/schema.org","@graph":[{"@type":"WebPage","@id":"https:\/\/www.color-wellness.com\/fr\/formation-old\/","url":"https:\/\/www.color-wellness.com\/fr\/formation-old\/","name":"Formation couleur - Color Wellness - B\u00e9atrice Mange","isPartOf":{"@id":"https:\/\/www.color-wellness.com\/fr\/#website"},"datePublished":"2019-10-02T14:44:11+00:00","dateModified":"2021-01-18T11:52:22+00:00","description":"Formation couleur | Color Wellness propose des formation sur la strat\u00e9gie colorielle pour les produits, ou dans les espaces","breadcrumb":{"@id":"https:\/\/www.color-wellness.com\/fr\/formation-old\/#breadcrumb"},"inLanguage":"fr-FR","potentialAction":[{"@type":"ReadAction","target":["https:\/\/www.color-wellness.com\/fr\/formation-old\/"]}]},{"@type":"BreadcrumbList","@id":"https:\/\/www.color-wellness.com\/fr\/formation-old\/#breadcrumb","itemListElement":[{"@type":"ListItem","position":1,"name":"Home","item":"https:\/\/www.color-wellness.com\/fr\/"},{"@type":"ListItem","position":2,"name":"Formation old"}]},{"@type":"WebSite","@id":"https:\/\/www.color-wellness.com\/fr\/#website","url":"https:\/\/www.color-wellness.com\/fr\/","name":"Color Wellness - B\u00e9atrice Mange","description":"Just another WordPress site","potentialAction":[{"@type":"SearchAction","target":{"@type":"EntryPoint","urlTemplate":"https:\/\/www.color-wellness.com\/fr\/?s={search_term_string}"},"query-input":"required name=search_term_string"}],"inLanguage":"fr-FR"}]}},"_links":{"self":[{"href":"https:\/\/www.color-wellness.com\/fr\/wp-json\/wp\/v2\/pages\/257"}],"collection":[{"href":"https:\/\/www.color-wellness.com\/fr\/wp-json\/wp\/v2\/pages"}],"about":[{"href":"https:\/\/www.color-wellness.com\/fr\/wp-json\/wp\/v2\/types\/page"}],"author":[{"embeddable":true,"href":"https:\/\/www.color-wellness.com\/fr\/wp-json\/wp\/v2\/users\/1"}],"replies":[{"embeddable":true,"href":"https:\/\/www.color-wellness.com\/fr\/wp-json\/wp\/v2\/comments?post=257"}],"version-history":[{"count":34,"href":"https:\/\/www.color-wellness.com\/fr\/wp-json\/wp\/v2\/pages\/257\/revisions"}],"predecessor-version":[{"id":2198,"href":"https:\/\/www.color-wellness.com\/fr\/wp-json\/wp\/v2\/pages\/257\/revisions\/2198"}],"wp:attachment":[{"href":"https:\/\/www.color-wellness.com\/fr\/wp-json\/wp\/v2\/media?parent=257"}],"curies":[{"name":"wp","href":"https:\/\/api.w.org\/{rel}","templated":true}]}}