{"id":272,"date":"2019-10-02T15:38:26","date_gmt":"2019-10-02T15:38:26","guid":{"rendered":"https:\/\/www.color-wellness.com\/?page_id=272"},"modified":"2021-01-19T12:47:09","modified_gmt":"2021-01-19T12:47:09","slug":"presentation-old","status":"publish","type":"page","link":"https:\/\/www.color-wellness.com\/fr\/presentation-old\/","title":{"rendered":"Pr\u00e9sentation old"},"content":{"rendered":"\t\t<div data-elementor-type=\"wp-page\" data-elementor-id=\"272\" class=\"elementor elementor-272\" data-elementor-post-type=\"page\">\n\t\t\t\t\t\t<section class=\"elementor-section elementor-top-section elementor-element elementor-element-450765b elementor-section-boxed elementor-section-height-default elementor-section-height-default\" data-id=\"450765b\" data-element_type=\"section\" data-settings=\"{&quot;background_background&quot;:&quot;classic&quot;}\">\n\t\t\t\t\t\t\t<div class=\"elementor-background-overlay\"><\/div>\n\t\t\t\t\t\t\t<div class=\"elementor-container elementor-column-gap-default\">\n\t\t\t\t\t<div class=\"elementor-column elementor-col-100 elementor-top-column elementor-element elementor-element-126d69d\" data-id=\"126d69d\" data-element_type=\"column\">\n\t\t\t<div class=\"elementor-widget-wrap elementor-element-populated\">\n\t\t\t\t\t\t<section class=\"elementor-section elementor-inner-section elementor-element elementor-element-2213b53 elementor-section-boxed elementor-section-height-default elementor-section-height-default\" data-id=\"2213b53\" data-element_type=\"section\">\n\t\t\t\t\t\t<div class=\"elementor-container elementor-column-gap-default\">\n\t\t\t\t\t<div class=\"elementor-column elementor-col-50 elementor-inner-column elementor-element elementor-element-006c2e7\" data-id=\"006c2e7\" data-element_type=\"column\">\n\t\t\t<div class=\"elementor-widget-wrap elementor-element-populated\">\n\t\t\t\t\t\t<div class=\"elementor-element elementor-element-7d53667 elementor-widget elementor-widget-image\" data-id=\"7d53667\" data-element_type=\"widget\" data-widget_type=\"image.default\">\n\t\t\t\t<div class=\"elementor-widget-container\">\n\t\t\t\t\t\t\t\t\t\t\t\t\t<img fetchpriority=\"high\" decoding=\"async\" width=\"601\" height=\"1068\" src=\"https:\/\/www.color-wellness.com\/wp-content\/uploads\/2019\/12\/beatricemange-3.jpg\" class=\"attachment-full size-full wp-image-1444\" alt=\"\" srcset=\"https:\/\/www.color-wellness.com\/wp-content\/uploads\/2019\/12\/beatricemange-3.jpg 601w, https:\/\/www.color-wellness.com\/wp-content\/uploads\/2019\/12\/beatricemange-3-169x300.jpg 169w, https:\/\/www.color-wellness.com\/wp-content\/uploads\/2019\/12\/beatricemange-3-576x1024.jpg 576w\" sizes=\"(max-width: 601px) 100vw, 601px\" \/>\t\t\t\t\t\t\t\t\t\t\t\t\t<\/div>\n\t\t\t\t<\/div>\n\t\t\t\t\t<\/div>\n\t\t<\/div>\n\t\t\t\t<div class=\"elementor-column elementor-col-50 elementor-inner-column elementor-element elementor-element-3ef5460 elementor-invisible\" data-id=\"3ef5460\" data-element_type=\"column\" data-settings=\"{&quot;background_background&quot;:&quot;classic&quot;,&quot;animation&quot;:&quot;slideInRight&quot;,&quot;animation_delay&quot;:1000}\">\n\t\t\t<div class=\"elementor-widget-wrap elementor-element-populated\">\n\t\t\t\t\t\t<div class=\"elementor-element elementor-element-75d5d79 elementor-widget elementor-widget-heading\" data-id=\"75d5d79\" data-element_type=\"widget\" data-widget_type=\"heading.default\">\n\t\t\t\t<div class=\"elementor-widget-container\">\n\t\t\t<h2 class=\"elementor-heading-title elementor-size-default\">B\u00e9atrice Mange <\/h2>\t\t<\/div>\n\t\t\t\t<\/div>\n\t\t\t\t<div class=\"elementor-element elementor-element-208a892 elementor-widget elementor-widget-text-editor\" data-id=\"208a892\" data-element_type=\"widget\" data-widget_type=\"text-editor.default\">\n\t\t\t\t<div class=\"elementor-widget-container\">\n\t\t\t\t\t\t\t<p><span lang=\"FR\">Passionn\u00e9e par les couleurs,<\/span><span lang=\"FR\"> la lumi\u00e8re et les mati\u00e8res qui ont le pouvoir de transformer notre environnement, d\u2019influencer notre comportement \u00a0et d\u2019am\u00e9liorer notre bien-\u00eatre, je partage \u00a0mon expertise avec les clients.<\/span><\/p><p>Mon exp\u00e9rience de direction du Design dans un grand groupe industriel (vice president Design, directrice de cr\u00e9ation et des tendances), me permet d\u00e9sormais de d\u00e9finir \u00a0des strat\u00e9gies, des concepts et des prototypes pouvant aider \u00e0 optimiser les activit\u00e9s des industriels dans le monde entier.<\/p><p>Sp\u00e9cialiste de la conception sensorielle et des fondements de la th\u00e9orie des couleurs, j\u2019organise \u00e9galement des ateliers et des s\u00e9ances de coaching, montrant comment utiliser efficacement les couleurs pour susciter les \u00e9motions des clients et favoriser les ventes.<\/p><p>Je crois que la science et le design sont la voie vers l\u2019\u00e9quilibre et l\u2019harmonie. Et la couleur est leur guide.<\/p><p>Je collabore avec \u00a0les fabricants mondiaux, les marques internationales, les organisations publiques , les h\u00f4pitaux , les services de g\u00e9riatrie et les \u00e9coles.<\/p><p>Enfin, j\u2019interviens aupr\u00e8s des soci\u00e9t\u00e9s qui souhaitent adapter leurs espaces de travail pour le bien \u00eatre de leurs collaborateurs.<\/p>\t\t\t\t\t\t<\/div>\n\t\t\t\t<\/div>\n\t\t\t\t<div class=\"elementor-element elementor-element-ea599c8 elementor-align-center elementor-widget elementor-widget-button\" data-id=\"ea599c8\" data-element_type=\"widget\" data-widget_type=\"button.default\">\n\t\t\t\t<div class=\"elementor-widget-container\">\n\t\t\t\t\t<div class=\"elementor-button-wrapper\">\n\t\t\t<a class=\"elementor-button elementor-button-link elementor-size-sm\" href=\"https:\/\/www.color-wellness.com\/contact\/\">\n\t\t\t\t\t\t<span class=\"elementor-button-content-wrapper\">\n\t\t\t\t\t\t\t\t\t<span class=\"elementor-button-text\">Contact<\/span>\n\t\t\t\t\t<\/span>\n\t\t\t\t\t<\/a>\n\t\t<\/div>\n\t\t\t\t<\/div>\n\t\t\t\t<\/div>\n\t\t\t\t\t<\/div>\n\t\t<\/div>\n\t\t\t\t\t<\/div>\n\t\t<\/section>\n\t\t\t\t\t<\/div>\n\t\t<\/div>\n\t\t\t\t\t<\/div>\n\t\t<\/section>\n\t\t\t\t<\/div>\n\t\t","protected":false},"excerpt":{"rendered":"<p>Color Wellness Design : pr\u00e9sentation B\u00e9atrice Mange Passionn\u00e9e par les couleurs, la lumi\u00e8re et les mati\u00e8res qui ont le pouvoir de transformer notre environnement, d\u2019influencer notre comportement \u00a0et d\u2019am\u00e9liorer notre bien-\u00eatre, je partage \u00a0mon expertise avec les clients. Mon exp\u00e9rience de direction du Design dans un grand groupe industriel (vice president Design, directrice de cr\u00e9ation [&hellip;]<\/p>\n","protected":false},"author":1,"featured_media":0,"parent":0,"menu_order":0,"comment_status":"closed","ping_status":"closed","template":"elementor_header_footer","meta":{"site-sidebar-layout":"default","site-content-layout":"","ast-site-content-layout":"","site-content-style":"default","site-sidebar-style":"default","ast-global-header-display":"","ast-banner-title-visibility":"","ast-main-header-display":"","ast-hfb-above-header-display":"","ast-hfb-below-header-display":"","ast-hfb-mobile-header-display":"","site-post-title":"","ast-breadcrumbs-content":"","ast-featured-img":"","footer-sml-layout":"","theme-transparent-header-meta":"","adv-header-id-meta":"","stick-header-meta":"","header-above-stick-meta":"","header-main-stick-meta":"","header-below-stick-meta":"","astra-migrate-meta-layouts":"default","ast-page-background-enabled":"default","ast-page-background-meta":{"desktop":{"background-color":"","background-image":"","background-repeat":"repeat","background-position":"center center","background-size":"auto","background-attachment":"scroll","background-type":"","background-media":"","overlay-type":"","overlay-color":"","overlay-opacity":"","overlay-gradient":""},"tablet":{"background-color":"","background-image":"","background-repeat":"repeat","background-position":"center center","background-size":"auto","background-attachment":"scroll","background-type":"","background-media":"","overlay-type":"","overlay-color":"","overlay-opacity":"","overlay-gradient":""},"mobile":{"background-color":"","background-image":"","background-repeat":"repeat","background-position":"center center","background-size":"auto","background-attachment":"scroll","background-type":"","background-media":"","overlay-type":"","overlay-color":"","overlay-opacity":"","overlay-gradient":""}},"ast-content-background-meta":{"desktop":{"background-color":"var(--ast-global-color-5)","background-image":"","background-repeat":"repeat","background-position":"center center","background-size":"auto","background-attachment":"scroll","background-type":"","background-media":"","overlay-type":"","overlay-color":"","overlay-opacity":"","overlay-gradient":""},"tablet":{"background-color":"var(--ast-global-color-5)","background-image":"","background-repeat":"repeat","background-position":"center center","background-size":"auto","background-attachment":"scroll","background-type":"","background-media":"","overlay-type":"","overlay-color":"","overlay-opacity":"","overlay-gradient":""},"mobile":{"background-color":"var(--ast-global-color-5)","background-image":"","background-repeat":"repeat","background-position":"center center","background-size":"auto","background-attachment":"scroll","background-type":"","background-media":"","overlay-type":"","overlay-color":"","overlay-opacity":"","overlay-gradient":""}},"footnotes":""},"class_list":["post-272","page","type-page","status-publish","hentry"],"yoast_head":"<!-- This site is optimized with the Yoast SEO plugin v20.6 - https:\/\/yoast.com\/wordpress\/plugins\/seo\/ -->\n<title>Pr\u00e9sentation old - Color Wellness - B\u00e9atrice Mange<\/title>\n<meta name=\"description\" content=\"Color Wellness, cr\u00e9\u00e9e par B\u00e9atrice Mange accompagne les entreprises dans leur strat\u00e9gie colorielle tant au niveau des espaces que des produits.\" \/>\n<meta name=\"robots\" content=\"index, follow, max-snippet:-1, max-image-preview:large, max-video-preview:-1\" \/>\n<link rel=\"canonical\" href=\"https:\/\/www.color-wellness.com\/fr\/presentation-old\/\" \/>\n<meta property=\"og:locale\" content=\"fr_FR\" \/>\n<meta property=\"og:type\" content=\"article\" \/>\n<meta property=\"og:title\" content=\"Pr\u00e9sentation old - Color Wellness - B\u00e9atrice Mange\" \/>\n<meta property=\"og:description\" content=\"Color Wellness, cr\u00e9\u00e9e par B\u00e9atrice Mange accompagne les entreprises dans leur strat\u00e9gie colorielle tant au niveau des espaces que des produits.\" \/>\n<meta property=\"og:url\" content=\"https:\/\/www.color-wellness.com\/fr\/presentation-old\/\" \/>\n<meta property=\"og:site_name\" content=\"Color Wellness - B\u00e9atrice Mange\" \/>\n<meta property=\"article:modified_time\" content=\"2021-01-19T12:47:09+00:00\" \/>\n<meta property=\"og:image\" content=\"https:\/\/www.color-wellness.com\/wp-content\/uploads\/2019\/12\/beatricemange-3.jpg\" \/>\n<meta name=\"twitter:card\" content=\"summary_large_image\" \/>\n<meta name=\"twitter:label1\" content=\"Dur\u00e9e de lecture estim\u00e9e\" \/>\n\t<meta name=\"twitter:data1\" content=\"1 minute\" \/>\n<script type=\"application\/ld+json\" class=\"yoast-schema-graph\">{\"@context\":\"https:\/\/schema.org\",\"@graph\":[{\"@type\":\"WebPage\",\"@id\":\"https:\/\/www.color-wellness.com\/fr\/presentation-old\/\",\"url\":\"https:\/\/www.color-wellness.com\/fr\/presentation-old\/\",\"name\":\"Pr\u00e9sentation old - Color Wellness - B\u00e9atrice Mange\",\"isPartOf\":{\"@id\":\"https:\/\/www.color-wellness.com\/fr\/#website\"},\"datePublished\":\"2019-10-02T15:38:26+00:00\",\"dateModified\":\"2021-01-19T12:47:09+00:00\",\"description\":\"Color Wellness, cr\u00e9\u00e9e par B\u00e9atrice Mange accompagne les entreprises dans leur strat\u00e9gie colorielle tant au niveau des espaces que des produits.\",\"breadcrumb\":{\"@id\":\"https:\/\/www.color-wellness.com\/fr\/presentation-old\/#breadcrumb\"},\"inLanguage\":\"fr-FR\",\"potentialAction\":[{\"@type\":\"ReadAction\",\"target\":[\"https:\/\/www.color-wellness.com\/fr\/presentation-old\/\"]}]},{\"@type\":\"BreadcrumbList\",\"@id\":\"https:\/\/www.color-wellness.com\/fr\/presentation-old\/#breadcrumb\",\"itemListElement\":[{\"@type\":\"ListItem\",\"position\":1,\"name\":\"Home\",\"item\":\"https:\/\/www.color-wellness.com\/fr\/\"},{\"@type\":\"ListItem\",\"position\":2,\"name\":\"Pr\u00e9sentation old\"}]},{\"@type\":\"WebSite\",\"@id\":\"https:\/\/www.color-wellness.com\/fr\/#website\",\"url\":\"https:\/\/www.color-wellness.com\/fr\/\",\"name\":\"Color Wellness - B\u00e9atrice Mange\",\"description\":\"Just another WordPress site\",\"potentialAction\":[{\"@type\":\"SearchAction\",\"target\":{\"@type\":\"EntryPoint\",\"urlTemplate\":\"https:\/\/www.color-wellness.com\/fr\/?s={search_term_string}\"},\"query-input\":\"required name=search_term_string\"}],\"inLanguage\":\"fr-FR\"}]}<\/script>\n<!-- \/ Yoast SEO plugin. -->","yoast_head_json":{"title":"Pr\u00e9sentation old - Color Wellness - B\u00e9atrice Mange","description":"Color Wellness, cr\u00e9\u00e9e par B\u00e9atrice Mange accompagne les entreprises dans leur strat\u00e9gie colorielle tant au niveau des espaces que des produits.","robots":{"index":"index","follow":"follow","max-snippet":"max-snippet:-1","max-image-preview":"max-image-preview:large","max-video-preview":"max-video-preview:-1"},"canonical":"https:\/\/www.color-wellness.com\/fr\/presentation-old\/","og_locale":"fr_FR","og_type":"article","og_title":"Pr\u00e9sentation old - Color Wellness - B\u00e9atrice Mange","og_description":"Color Wellness, cr\u00e9\u00e9e par B\u00e9atrice Mange accompagne les entreprises dans leur strat\u00e9gie colorielle tant au niveau des espaces que des produits.","og_url":"https:\/\/www.color-wellness.com\/fr\/presentation-old\/","og_site_name":"Color Wellness - B\u00e9atrice Mange","article_modified_time":"2021-01-19T12:47:09+00:00","og_image":[{"url":"https:\/\/www.color-wellness.com\/wp-content\/uploads\/2019\/12\/beatricemange-3.jpg"}],"twitter_card":"summary_large_image","twitter_misc":{"Dur\u00e9e de lecture estim\u00e9e":"1 minute"},"schema":{"@context":"https:\/\/schema.org","@graph":[{"@type":"WebPage","@id":"https:\/\/www.color-wellness.com\/fr\/presentation-old\/","url":"https:\/\/www.color-wellness.com\/fr\/presentation-old\/","name":"Pr\u00e9sentation old - Color Wellness - B\u00e9atrice Mange","isPartOf":{"@id":"https:\/\/www.color-wellness.com\/fr\/#website"},"datePublished":"2019-10-02T15:38:26+00:00","dateModified":"2021-01-19T12:47:09+00:00","description":"Color Wellness, cr\u00e9\u00e9e par B\u00e9atrice Mange accompagne les entreprises dans leur strat\u00e9gie colorielle tant au niveau des espaces que des produits.","breadcrumb":{"@id":"https:\/\/www.color-wellness.com\/fr\/presentation-old\/#breadcrumb"},"inLanguage":"fr-FR","potentialAction":[{"@type":"ReadAction","target":["https:\/\/www.color-wellness.com\/fr\/presentation-old\/"]}]},{"@type":"BreadcrumbList","@id":"https:\/\/www.color-wellness.com\/fr\/presentation-old\/#breadcrumb","itemListElement":[{"@type":"ListItem","position":1,"name":"Home","item":"https:\/\/www.color-wellness.com\/fr\/"},{"@type":"ListItem","position":2,"name":"Pr\u00e9sentation old"}]},{"@type":"WebSite","@id":"https:\/\/www.color-wellness.com\/fr\/#website","url":"https:\/\/www.color-wellness.com\/fr\/","name":"Color Wellness - B\u00e9atrice Mange","description":"Just another WordPress site","potentialAction":[{"@type":"SearchAction","target":{"@type":"EntryPoint","urlTemplate":"https:\/\/www.color-wellness.com\/fr\/?s={search_term_string}"},"query-input":"required name=search_term_string"}],"inLanguage":"fr-FR"}]}},"_links":{"self":[{"href":"https:\/\/www.color-wellness.com\/fr\/wp-json\/wp\/v2\/pages\/272"}],"collection":[{"href":"https:\/\/www.color-wellness.com\/fr\/wp-json\/wp\/v2\/pages"}],"about":[{"href":"https:\/\/www.color-wellness.com\/fr\/wp-json\/wp\/v2\/types\/page"}],"author":[{"embeddable":true,"href":"https:\/\/www.color-wellness.com\/fr\/wp-json\/wp\/v2\/users\/1"}],"replies":[{"embeddable":true,"href":"https:\/\/www.color-wellness.com\/fr\/wp-json\/wp\/v2\/comments?post=272"}],"version-history":[{"count":52,"href":"https:\/\/www.color-wellness.com\/fr\/wp-json\/wp\/v2\/pages\/272\/revisions"}],"predecessor-version":[{"id":2335,"href":"https:\/\/www.color-wellness.com\/fr\/wp-json\/wp\/v2\/pages\/272\/revisions\/2335"}],"wp:attachment":[{"href":"https:\/\/www.color-wellness.com\/fr\/wp-json\/wp\/v2\/media?parent=272"}],"curies":[{"name":"wp","href":"https:\/\/api.w.org\/{rel}","templated":true}]}}