{"id":3,"date":"2019-09-30T13:12:18","date_gmt":"2019-09-30T13:12:18","guid":{"rendered":"https:\/\/www.color-wellness.com\/?page_id=3"},"modified":"2020-01-10T08:06:06","modified_gmt":"2020-01-10T08:06:06","slug":"politique-confidentialite","status":"publish","type":"page","link":"https:\/\/www.color-wellness.com\/fr\/politique-confidentialite\/","title":{"rendered":"politique de confidentialit\u00e9"},"content":{"rendered":"\t\t<div data-elementor-type=\"wp-page\" data-elementor-id=\"3\" class=\"elementor elementor-3\" data-elementor-post-type=\"page\">\n\t\t\t\t\t\t<section class=\"elementor-section elementor-top-section elementor-element elementor-element-606c2f2b elementor-section-height-min-height elementor-section-boxed elementor-section-height-default elementor-section-items-middle\" data-id=\"606c2f2b\" data-element_type=\"section\" data-settings=\"{&quot;background_background&quot;:&quot;classic&quot;}\">\n\t\t\t\t\t\t\t<div class=\"elementor-background-overlay\"><\/div>\n\t\t\t\t\t\t\t<div class=\"elementor-container elementor-column-gap-default\">\n\t\t\t\t\t<div class=\"elementor-column elementor-col-100 elementor-top-column elementor-element elementor-element-6c03ca4c elementor-invisible\" data-id=\"6c03ca4c\" data-element_type=\"column\" data-settings=\"{&quot;animation&quot;:&quot;fadeIn&quot;,&quot;animation_delay&quot;:350,&quot;background_background&quot;:&quot;classic&quot;}\">\n\t\t\t<div class=\"elementor-widget-wrap elementor-element-populated\">\n\t\t\t\t\t\t<section class=\"elementor-section elementor-inner-section elementor-element elementor-element-4d1905c4 elementor-section-boxed elementor-section-height-default elementor-section-height-default\" data-id=\"4d1905c4\" data-element_type=\"section\" data-settings=\"{&quot;background_background&quot;:&quot;classic&quot;}\">\n\t\t\t\t\t\t<div class=\"elementor-container elementor-column-gap-default\">\n\t\t\t\t\t<div class=\"elementor-column elementor-col-100 elementor-inner-column elementor-element elementor-element-7c464ed2\" data-id=\"7c464ed2\" data-element_type=\"column\">\n\t\t\t<div class=\"elementor-widget-wrap elementor-element-populated\">\n\t\t\t\t\t\t<div class=\"elementor-element elementor-element-36ff5639 elementor-widget elementor-widget-text-editor\" data-id=\"36ff5639\" data-element_type=\"widget\" data-widget_type=\"text-editor.default\">\n\t\t\t\t<div class=\"elementor-widget-container\">\n\t\t\t\t\t\t\t<p><strong>G\u00e9n\u00e9ral<\/strong><\/p><p>La r\u00e9glementation en mati\u00e8re de protection des donn\u00e9es est une priorit\u00e9 pour Color Wellness Design. C\u2019est pour cette raison, que nous souhaitons faire en sorte que toutes les informations en relation avec le traitement de vos donn\u00e9es personnelles sur le Site www.color-wellness.com soient claires et compr\u00e9hensives pour l&rsquo;utilisateur.<\/p><p>Cette r\u00e9glementation sur la protection de donn\u00e9es a comme objectif de vous informer sur l\u2019usage des donn\u00e9es personnelles collect\u00e9es via ce site internet, ainsi que sur vos droits et de la fa\u00e7on dont vous pouvez les exercer. Le traitement des donn\u00e9es est crucial pour exercer notre m\u00e9tier et pour servir en toute confiance notre client\u00e8le \u00e0 long terme, il est donc essentiel pour Color Wellness Design qu\u2019il soit r\u00e9alis\u00e9 en toute s\u00e9curit\u00e9, en respectant la confidentialit\u00e9 et en toute conformit\u00e9 avec votre volont\u00e9.<\/p><p>Avant de confirmer la transmission de vos donn\u00e9es personnelles via nos rubriques de contact, vous vous engagez \u00e0 lire et accepter notre politique de confidentialit\u00e9. Cette acceptation permet \u00e0 Color Wellness Design de traiter votre demande gr\u00e2ce aux donn\u00e9es transmises \u00e0 cet effet pour une dur\u00e9e se limitant \u00e0 l\u2019objet de votre demande (demande d\u2019informations, devis, etc)<\/p><hr \/><p><strong><br \/>Engagements<\/strong><\/p><p>Color Wellness Design s\u2019engage \u00e0 respecter la l\u00e9gislation luxembourgeoise, notamment la loi du 2 ao\u00fbt 2002 relative \u00e0 la protection des personnes \u00e0 l\u2019\u00e9gard du traitement des donn\u00e9es \u00e0 caract\u00e8re personnel.<\/p><p>Color Wellness Design s\u2019engage \u00e0 respecter le R\u00e8glement (UE) 2016\/679 du Parlement europ\u00e9en et du Conseil du 27 avril 2016, d\u00e8s son entr\u00e9e en vigueur le 25 mai 2018.<\/p><p>Color Wellness Design s&rsquo;engage \u00e0 n\u2019utiliser les donn\u00e9es personnelles re\u00e7ues qu\u2019en conformit\u00e9 avec l\u2019objet propre d\u00e9fini lors de la transmission.<\/p><p>Color Wellness Design est \u00e0 votre \u00e9coute en cas de question relative \u00e0 cette r\u00e9glementation des protections des donn\u00e9es via : contact@color-wellness.com<\/p><hr \/><p><strong>Vos donn\u00e9es<\/strong><\/p><p>color Wellness design est responsable pour la collecte des donn\u00e9es personnelles de ses utilisateurs via son Site internet,<\/p><p>Le site www.color-wellness.com appartient \u00e0 Color Wellness Design domicili\u00e9 au : 2 Rue Jean Engling, 1466 Luxembourg-Ville, titulaire de l\u2019autorisation d\u2019\u00e9tablissement suivante : N\u00b0<\/p><hr \/><p><strong>Raison de traitement des donn\u00e9es<\/strong><\/p><p>Les donn\u00e9es personnelles envoy\u00e9 de la part de l\u2019utilisateur via le formulaire de contact \u00e0 savoir : vos nom(s) et pr\u00e9nom(s), votre adresse e-mail et\/ou votre num\u00e9ro de t\u00e9l\u00e9phone et le nom de votre entreprise, ont pour buts de vous identifier en tant que personne et permettront \u00e0 Color Wellness design de r\u00e9pondre \u00e0 votre besoin et vous contacter afin de vous servir le mieux et le plus rapidement possible ( demande d\u2019informations, demande de devis, etc)<\/p><p>Lorsque vous acceptez de transmettre vos donn\u00e9es personnelles \u00e0 Color Wellness Design, vous acceptez \u00e9galement que Color Wellness Design puisse utiliser ces donn\u00e9es dans la limite des finalit\u00e9s d\u00e9taill\u00e9es dans cette r\u00e9glementation.<\/p><hr \/><p><strong>Cookies<br \/><\/strong><br \/>Le Site www.color-wellness.com utilise des \u201ccookies\u201d pour collecter et enregistrer certaines informations des utilisateurs. Les cookies sont con\u00e7us uniquement pour permettre un acc\u00e8s adapt\u00e9 \u00e0 tout utilisateur r\u00e9current. Ils sont con\u00e7us pour nous aider \u00e0 vous reconna\u00eetre comme un pr\u00e9c\u00e9dent utilisateur du Site afin de vous offrir le service le plus adapt\u00e9 et personnalis\u00e9 \u00e0 votre profil, et d\u2019augmenter ainsi votre plaisir de visiter \u00e0 nouveau le Site.<\/p><p>Les cookies utilis\u00e9s ne peuvent pas extraire de votre disque dur des informations personnelles permettant de vous identifier autrement que sous forme de cookies, ni transmettre de virus informatique. Les cookies nous permettent, par exemple, de personnaliser les pages d\u2019accueil en sauvegardant les pr\u00e9f\u00e9rences que vous pouvez \u00e9mettre lors d\u2019une pr\u00e9c\u00e9dente visite de notre Site. Ils peuvent s\u00e9curiser votre mot de passe, identifier les rubriques du Site que vous avez visit\u00e9es ou encore suivre l\u2019\u00e9volution de vos pr\u00e9f\u00e9rences. Nos cookies peuvent \u00e9ventuellement collecter un nom de domaine et suivre votre cheminement \u00e0 travers nos pages web.<\/p><p>Nous utilisons les cookies seulement pour recueillir les informations mentionn\u00e9es dans cette Charte et, en aucune fa\u00e7on, des informations \u00e0 caract\u00e8re personnel ou nominatives permettant de vous identifier sans votre consentement.<\/p><p>Le site Internet utilise des cookies aux fins suivantes :<br \/>Usage du site :\u00a0pour nous aider \u00e0 reconna\u00eetre votre navigateur comme celui d\u2019un visiteur pr\u00e9c\u00e9dent et pour enregistrer les pr\u00e9f\u00e9rences que vous avez d\u00e9termin\u00e9es lors de votre pr\u00e9c\u00e9dente visite sur le Site. Par exemple, nous pouvons enregistrer vos informations de connexion de sorte que vous n\u2019ayez pas \u00e0 vous connecter \u00e0 chaque fois que vous visitez le Site ;<br \/>R\u00e9seaux sociaux :\u00a0pour v\u00e9rifier si vous \u00eates connect\u00e9s \u00e0 des services tiers (Facebook, Twitter, Google+\u2026) ;<br \/>Ciblage :\u00a0pour nous permettre de cibler (emailing, enrichissement de base) \u00e0 post\u00e9riori ou en temps r\u00e9el l\u2019internaute qui navigue sur notre Site ;<br \/>Mesure d\u2019audience : pour suivre les donn\u00e9es statistiques de fr\u00e9quentation du Site (soit l\u2019utilisation faite du Site par les utilisateurs et pour am\u00e9liorer les services du Site) et pour nous aider \u00e0 mesurer et \u00e9tudier l\u2019efficacit\u00e9 de notre contenu interactif en ligne, de ses caract\u00e9ristiques, publicit\u00e9s et autres communications.<\/p><p>Vous avez la possibilit\u00e9 d\u2019intervenir au niveau des cookies. En modifiant la configuration de votre navigateur (g\u00e9n\u00e9ralement au sein du menu \u00ab outils \u00bb, rubrique \u00ab priv\u00e9e \u00bb ou terme \u00e9quivalent), vous pouvez : accepter l\u2019ensemble des cookies, \u00eatre averti lors de l\u2019activation d\u2019un cookie, ou rejeter l\u2019ensemble des cookies. Toutefois, il est probable alors que vous rencontriez des difficult\u00e9s pour naviguer sur le Site dans les meilleures conditions.<\/p>\t\t\t\t\t\t<\/div>\n\t\t\t\t<\/div>\n\t\t\t\t\t<\/div>\n\t\t<\/div>\n\t\t\t\t\t<\/div>\n\t\t<\/section>\n\t\t\t\t\t<\/div>\n\t\t<\/div>\n\t\t\t\t\t<\/div>\n\t\t<\/section>\n\t\t\t\t<\/div>\n\t\t","protected":false},"excerpt":{"rendered":"<p>Politique de confidentialit\u00e9 Color Wellness Design G\u00e9n\u00e9ral La r\u00e9glementation en mati\u00e8re de protection des donn\u00e9es est une priorit\u00e9 pour Color Wellness Design. C\u2019est pour cette raison, que nous souhaitons faire en sorte que toutes les informations en relation avec le traitement de vos donn\u00e9es personnelles sur le Site www.color-wellness.com soient claires et compr\u00e9hensives pour l&rsquo;utilisateur. [&hellip;]<\/p>\n","protected":false},"author":1,"featured_media":0,"parent":0,"menu_order":0,"comment_status":"closed","ping_status":"closed","template":"elementor_header_footer","meta":{"site-sidebar-layout":"default","site-content-layout":"","ast-site-content-layout":"","site-content-style":"default","site-sidebar-style":"default","ast-global-header-display":"","ast-banner-title-visibility":"","ast-main-header-display":"","ast-hfb-above-header-display":"","ast-hfb-below-header-display":"","ast-hfb-mobile-header-display":"","site-post-title":"","ast-breadcrumbs-content":"","ast-featured-img":"","footer-sml-layout":"","theme-transparent-header-meta":"","adv-header-id-meta":"","stick-header-meta":"","header-above-stick-meta":"","header-main-stick-meta":"","header-below-stick-meta":"","astra-migrate-meta-layouts":"default","ast-page-background-enabled":"default","ast-page-background-meta":{"desktop":{"background-color":"","background-image":"","background-repeat":"repeat","background-position":"center center","background-size":"auto","background-attachment":"scroll","background-type":"","background-media":"","overlay-type":"","overlay-color":"","overlay-opacity":"","overlay-gradient":""},"tablet":{"background-color":"","background-image":"","background-repeat":"repeat","background-position":"center center","background-size":"auto","background-attachment":"scroll","background-type":"","background-media":"","overlay-type":"","overlay-color":"","overlay-opacity":"","overlay-gradient":""},"mobile":{"background-color":"","background-image":"","background-repeat":"repeat","background-position":"center center","background-size":"auto","background-attachment":"scroll","background-type":"","background-media":"","overlay-type":"","overlay-color":"","overlay-opacity":"","overlay-gradient":""}},"ast-content-background-meta":{"desktop":{"background-color":"var(--ast-global-color-5)","background-image":"","background-repeat":"repeat","background-position":"center center","background-size":"auto","background-attachment":"scroll","background-type":"","background-media":"","overlay-type":"","overlay-color":"","overlay-opacity":"","overlay-gradient":""},"tablet":{"background-color":"var(--ast-global-color-5)","background-image":"","background-repeat":"repeat","background-position":"center center","background-size":"auto","background-attachment":"scroll","background-type":"","background-media":"","overlay-type":"","overlay-color":"","overlay-opacity":"","overlay-gradient":""},"mobile":{"background-color":"var(--ast-global-color-5)","background-image":"","background-repeat":"repeat","background-position":"center center","background-size":"auto","background-attachment":"scroll","background-type":"","background-media":"","overlay-type":"","overlay-color":"","overlay-opacity":"","overlay-gradient":""}},"footnotes":""},"class_list":["post-3","page","type-page","status-publish","hentry"],"yoast_head":"<!-- This site is optimized with the Yoast SEO plugin v20.6 - https:\/\/yoast.com\/wordpress\/plugins\/seo\/ -->\n<title>politique de confidentialit\u00e9 - Color Wellness - B\u00e9atrice Mange<\/title>\n<meta name=\"robots\" content=\"index, follow, max-snippet:-1, max-image-preview:large, max-video-preview:-1\" \/>\n<link rel=\"canonical\" href=\"https:\/\/www.color-wellness.com\/fr\/politique-confidentialite\/\" \/>\n<meta property=\"og:locale\" content=\"fr_FR\" \/>\n<meta property=\"og:type\" content=\"article\" \/>\n<meta property=\"og:title\" content=\"politique de confidentialit\u00e9 - Color Wellness - B\u00e9atrice Mange\" \/>\n<meta property=\"og:description\" content=\"Politique de confidentialit\u00e9 Color Wellness Design G\u00e9n\u00e9ral La r\u00e9glementation en mati\u00e8re de protection des donn\u00e9es est une priorit\u00e9 pour Color Wellness Design. C\u2019est pour cette raison, que nous souhaitons faire en sorte que toutes les informations en relation avec le traitement de vos donn\u00e9es personnelles sur le Site www.color-wellness.com soient claires et compr\u00e9hensives pour l&rsquo;utilisateur. [&hellip;]\" \/>\n<meta property=\"og:url\" content=\"https:\/\/www.color-wellness.com\/fr\/politique-confidentialite\/\" \/>\n<meta property=\"og:site_name\" content=\"Color Wellness - B\u00e9atrice Mange\" \/>\n<meta property=\"article:modified_time\" content=\"2020-01-10T08:06:06+00:00\" \/>\n<meta name=\"twitter:card\" content=\"summary_large_image\" \/>\n<meta name=\"twitter:label1\" content=\"Dur\u00e9e de lecture estim\u00e9e\" \/>\n\t<meta name=\"twitter:data1\" content=\"5 minutes\" \/>\n<script type=\"application\/ld+json\" class=\"yoast-schema-graph\">{\"@context\":\"https:\/\/schema.org\",\"@graph\":[{\"@type\":\"WebPage\",\"@id\":\"https:\/\/www.color-wellness.com\/fr\/politique-confidentialite\/\",\"url\":\"https:\/\/www.color-wellness.com\/fr\/politique-confidentialite\/\",\"name\":\"politique de confidentialit\u00e9 - Color Wellness - B\u00e9atrice Mange\",\"isPartOf\":{\"@id\":\"https:\/\/www.color-wellness.com\/fr\/#website\"},\"datePublished\":\"2019-09-30T13:12:18+00:00\",\"dateModified\":\"2020-01-10T08:06:06+00:00\",\"breadcrumb\":{\"@id\":\"https:\/\/www.color-wellness.com\/fr\/politique-confidentialite\/#breadcrumb\"},\"inLanguage\":\"fr-FR\",\"potentialAction\":[{\"@type\":\"ReadAction\",\"target\":[\"https:\/\/www.color-wellness.com\/fr\/politique-confidentialite\/\"]}]},{\"@type\":\"BreadcrumbList\",\"@id\":\"https:\/\/www.color-wellness.com\/fr\/politique-confidentialite\/#breadcrumb\",\"itemListElement\":[{\"@type\":\"ListItem\",\"position\":1,\"name\":\"Home\",\"item\":\"https:\/\/www.color-wellness.com\/fr\/\"},{\"@type\":\"ListItem\",\"position\":2,\"name\":\"politique de confidentialit\u00e9\"}]},{\"@type\":\"WebSite\",\"@id\":\"https:\/\/www.color-wellness.com\/fr\/#website\",\"url\":\"https:\/\/www.color-wellness.com\/fr\/\",\"name\":\"Color Wellness - B\u00e9atrice Mange\",\"description\":\"Just another WordPress site\",\"potentialAction\":[{\"@type\":\"SearchAction\",\"target\":{\"@type\":\"EntryPoint\",\"urlTemplate\":\"https:\/\/www.color-wellness.com\/fr\/?s={search_term_string}\"},\"query-input\":\"required name=search_term_string\"}],\"inLanguage\":\"fr-FR\"}]}<\/script>\n<!-- \/ Yoast SEO plugin. -->","yoast_head_json":{"title":"politique de confidentialit\u00e9 - Color Wellness - B\u00e9atrice Mange","robots":{"index":"index","follow":"follow","max-snippet":"max-snippet:-1","max-image-preview":"max-image-preview:large","max-video-preview":"max-video-preview:-1"},"canonical":"https:\/\/www.color-wellness.com\/fr\/politique-confidentialite\/","og_locale":"fr_FR","og_type":"article","og_title":"politique de confidentialit\u00e9 - Color Wellness - B\u00e9atrice Mange","og_description":"Politique de confidentialit\u00e9 Color Wellness Design G\u00e9n\u00e9ral La r\u00e9glementation en mati\u00e8re de protection des donn\u00e9es est une priorit\u00e9 pour Color Wellness Design. C\u2019est pour cette raison, que nous souhaitons faire en sorte que toutes les informations en relation avec le traitement de vos donn\u00e9es personnelles sur le Site www.color-wellness.com soient claires et compr\u00e9hensives pour l&rsquo;utilisateur. [&hellip;]","og_url":"https:\/\/www.color-wellness.com\/fr\/politique-confidentialite\/","og_site_name":"Color Wellness - B\u00e9atrice Mange","article_modified_time":"2020-01-10T08:06:06+00:00","twitter_card":"summary_large_image","twitter_misc":{"Dur\u00e9e de lecture estim\u00e9e":"5 minutes"},"schema":{"@context":"https:\/\/schema.org","@graph":[{"@type":"WebPage","@id":"https:\/\/www.color-wellness.com\/fr\/politique-confidentialite\/","url":"https:\/\/www.color-wellness.com\/fr\/politique-confidentialite\/","name":"politique de confidentialit\u00e9 - Color Wellness - B\u00e9atrice Mange","isPartOf":{"@id":"https:\/\/www.color-wellness.com\/fr\/#website"},"datePublished":"2019-09-30T13:12:18+00:00","dateModified":"2020-01-10T08:06:06+00:00","breadcrumb":{"@id":"https:\/\/www.color-wellness.com\/fr\/politique-confidentialite\/#breadcrumb"},"inLanguage":"fr-FR","potentialAction":[{"@type":"ReadAction","target":["https:\/\/www.color-wellness.com\/fr\/politique-confidentialite\/"]}]},{"@type":"BreadcrumbList","@id":"https:\/\/www.color-wellness.com\/fr\/politique-confidentialite\/#breadcrumb","itemListElement":[{"@type":"ListItem","position":1,"name":"Home","item":"https:\/\/www.color-wellness.com\/fr\/"},{"@type":"ListItem","position":2,"name":"politique de confidentialit\u00e9"}]},{"@type":"WebSite","@id":"https:\/\/www.color-wellness.com\/fr\/#website","url":"https:\/\/www.color-wellness.com\/fr\/","name":"Color Wellness - B\u00e9atrice Mange","description":"Just another WordPress site","potentialAction":[{"@type":"SearchAction","target":{"@type":"EntryPoint","urlTemplate":"https:\/\/www.color-wellness.com\/fr\/?s={search_term_string}"},"query-input":"required name=search_term_string"}],"inLanguage":"fr-FR"}]}},"_links":{"self":[{"href":"https:\/\/www.color-wellness.com\/fr\/wp-json\/wp\/v2\/pages\/3"}],"collection":[{"href":"https:\/\/www.color-wellness.com\/fr\/wp-json\/wp\/v2\/pages"}],"about":[{"href":"https:\/\/www.color-wellness.com\/fr\/wp-json\/wp\/v2\/types\/page"}],"author":[{"embeddable":true,"href":"https:\/\/www.color-wellness.com\/fr\/wp-json\/wp\/v2\/users\/1"}],"replies":[{"embeddable":true,"href":"https:\/\/www.color-wellness.com\/fr\/wp-json\/wp\/v2\/comments?post=3"}],"version-history":[{"count":4,"href":"https:\/\/www.color-wellness.com\/fr\/wp-json\/wp\/v2\/pages\/3\/revisions"}],"predecessor-version":[{"id":1474,"href":"https:\/\/www.color-wellness.com\/fr\/wp-json\/wp\/v2\/pages\/3\/revisions\/1474"}],"wp:attachment":[{"href":"https:\/\/www.color-wellness.com\/fr\/wp-json\/wp\/v2\/media?parent=3"}],"curies":[{"name":"wp","href":"https:\/\/api.w.org\/{rel}","templated":true}]}}